{"id":100,"date":"2024-03-21T13:43:12","date_gmt":"2024-03-21T13:43:12","guid":{"rendered":"https:\/\/g3m.mx\/home\/?page_id=100"},"modified":"2024-04-09T18:32:02","modified_gmt":"2024-04-09T18:32:02","slug":"limpiadores","status":"publish","type":"page","link":"https:\/\/g3m.mx\/home\/index.php\/limpiadores\/","title":{"rendered":"Limpiadores"},"content":{"rendered":"\t\t<div data-elementor-type=\"wp-page\" data-elementor-id=\"100\" class=\"elementor elementor-100\">\n\t\t\t\t<div class=\"elementor-element elementor-element-5a2c8eba e-flex e-con-boxed e-con e-parent\" data-id=\"5a2c8eba\" data-element_type=\"container\" data-e-type=\"container\">\n\t\t\t\t\t<div class=\"e-con-inner\">\n\t\t\t\t<div class=\"elementor-element elementor-element-76332b80 elementor-widget elementor-widget-heading\" data-id=\"76332b80\" data-element_type=\"widget\" data-e-type=\"widget\" data-widget_type=\"heading.default\">\n\t\t\t\t<div class=\"elementor-widget-container\">\n\t\t\t\t\t<h1 class=\"elementor-heading-title elementor-size-default\">Limpiadores<\/h1>\t\t\t\t<\/div>\n\t\t\t\t<\/div>\n\t\t\t\t\t<\/div>\n\t\t\t\t<\/div>\n\t\t<div class=\"elementor-element elementor-element-694797a6 e-grid e-con-boxed e-con e-parent\" data-id=\"694797a6\" data-element_type=\"container\" data-e-type=\"container\">\n\t\t\t\t\t<div class=\"e-con-inner\">\n\t\t\t\t<div class=\"elementor-element elementor-element-4c92a449 elementor-widget elementor-widget-image\" data-id=\"4c92a449\" data-element_type=\"widget\" data-e-type=\"widget\" data-widget_type=\"image.default\">\n\t\t\t\t<div class=\"elementor-widget-container\">\n\t\t\t\t\t\t\t\t\t\t\t\t\t\t\t<img fetchpriority=\"high\" decoding=\"async\" width=\"1000\" height=\"1000\" src=\"https:\/\/g3m.mx\/home\/wp-content\/uploads\/2024\/04\/1-4.jpg\" class=\"attachment-large size-large wp-image-240\" alt=\"\" srcset=\"https:\/\/g3m.mx\/home\/wp-content\/uploads\/2024\/04\/1-4.jpg 1000w, https:\/\/g3m.mx\/home\/wp-content\/uploads\/2024\/04\/1-4-300x300.jpg 300w, https:\/\/g3m.mx\/home\/wp-content\/uploads\/2024\/04\/1-4-150x150.jpg 150w, https:\/\/g3m.mx\/home\/wp-content\/uploads\/2024\/04\/1-4-768x768.jpg 768w\" sizes=\"(max-width: 1000px) 100vw, 1000px\" \/>\t\t\t\t\t\t\t\t\t\t\t\t\t\t\t<\/div>\n\t\t\t\t<\/div>\n\t\t\t\t<div class=\"elementor-element elementor-element-1c02aa2c elementor-widget elementor-widget-image\" data-id=\"1c02aa2c\" data-element_type=\"widget\" data-e-type=\"widget\" data-widget_type=\"image.default\">\n\t\t\t\t<div class=\"elementor-widget-container\">\n\t\t\t\t\t\t\t\t\t\t\t\t\t\t\t<img decoding=\"async\" width=\"1000\" height=\"1000\" src=\"https:\/\/g3m.mx\/home\/wp-content\/uploads\/2024\/04\/2-4.jpg\" class=\"attachment-large size-large wp-image-241\" alt=\"\" srcset=\"https:\/\/g3m.mx\/home\/wp-content\/uploads\/2024\/04\/2-4.jpg 1000w, https:\/\/g3m.mx\/home\/wp-content\/uploads\/2024\/04\/2-4-300x300.jpg 300w, https:\/\/g3m.mx\/home\/wp-content\/uploads\/2024\/04\/2-4-150x150.jpg 150w, https:\/\/g3m.mx\/home\/wp-content\/uploads\/2024\/04\/2-4-768x768.jpg 768w\" sizes=\"(max-width: 1000px) 100vw, 1000px\" \/>\t\t\t\t\t\t\t\t\t\t\t\t\t\t\t<\/div>\n\t\t\t\t<\/div>\n\t\t\t\t<div class=\"elementor-element elementor-element-2de97071 elementor-widget elementor-widget-image\" data-id=\"2de97071\" data-element_type=\"widget\" data-e-type=\"widget\" data-widget_type=\"image.default\">\n\t\t\t\t<div class=\"elementor-widget-container\">\n\t\t\t\t\t\t\t\t\t\t\t\t\t\t\t<img decoding=\"async\" width=\"1000\" height=\"1000\" src=\"https:\/\/g3m.mx\/home\/wp-content\/uploads\/2024\/04\/3-2.jpg\" class=\"attachment-large size-large wp-image-242\" alt=\"\" srcset=\"https:\/\/g3m.mx\/home\/wp-content\/uploads\/2024\/04\/3-2.jpg 1000w, https:\/\/g3m.mx\/home\/wp-content\/uploads\/2024\/04\/3-2-300x300.jpg 300w, https:\/\/g3m.mx\/home\/wp-content\/uploads\/2024\/04\/3-2-150x150.jpg 150w, https:\/\/g3m.mx\/home\/wp-content\/uploads\/2024\/04\/3-2-768x768.jpg 768w\" sizes=\"(max-width: 1000px) 100vw, 1000px\" \/>\t\t\t\t\t\t\t\t\t\t\t\t\t\t\t<\/div>\n\t\t\t\t<\/div>\n\t\t\t\t<div class=\"elementor-element elementor-element-2b457696 elementor-widget elementor-widget-image\" data-id=\"2b457696\" data-element_type=\"widget\" data-e-type=\"widget\" data-widget_type=\"image.default\">\n\t\t\t\t<div class=\"elementor-widget-container\">\n\t\t\t\t\t\t\t\t\t\t\t\t\t\t\t<img loading=\"lazy\" decoding=\"async\" width=\"1000\" height=\"1000\" src=\"https:\/\/g3m.mx\/home\/wp-content\/uploads\/2024\/04\/4-2.jpg\" class=\"attachment-large size-large wp-image-243\" alt=\"\" srcset=\"https:\/\/g3m.mx\/home\/wp-content\/uploads\/2024\/04\/4-2.jpg 1000w, https:\/\/g3m.mx\/home\/wp-content\/uploads\/2024\/04\/4-2-300x300.jpg 300w, https:\/\/g3m.mx\/home\/wp-content\/uploads\/2024\/04\/4-2-150x150.jpg 150w, https:\/\/g3m.mx\/home\/wp-content\/uploads\/2024\/04\/4-2-768x768.jpg 768w\" sizes=\"(max-width: 1000px) 100vw, 1000px\" \/>\t\t\t\t\t\t\t\t\t\t\t\t\t\t\t<\/div>\n\t\t\t\t<\/div>\n\t\t\t\t\t<\/div>\n\t\t\t\t<\/div>\n\t\t<div class=\"elementor-element elementor-element-5f43ed98 e-flex e-con-boxed e-con e-parent\" data-id=\"5f43ed98\" data-element_type=\"container\" data-e-type=\"container\">\n\t\t\t\t\t<div class=\"e-con-inner\">\n\t\t\t\t<div class=\"elementor-element elementor-element-3cb79986 elementor-widget elementor-widget-text-editor\" data-id=\"3cb79986\" data-element_type=\"widget\" data-e-type=\"widget\" data-widget_type=\"text-editor.default\">\n\t\t\t\t<div class=\"elementor-widget-container\">\n\t\t\t\t\t\t\t\t\t<p>En G3M, entendemos que la limpieza y el mantenimiento son fundamentales para el rendimiento y la durabilidad de tus sistemas hidr\u00e1ulicos y neum\u00e1ticos.\u00a0<\/p><p>Por eso, nuestros limpiadores est\u00e1n fabricados con materiales compuestos de alta densidad, dise\u00f1ados para actuar eficientemente como raspadores. <b>Eliminan todo tipo de impurezas y part\u00edculas extra\u00f1as,<\/b> asegurando que los componentes en movimiento se mantengan en condiciones \u00f3ptimas.<\/p><p>Gracias a su robustez y dise\u00f1o inteligente, nuestros limpiadores previenen la acumulaci\u00f3n de contaminantes, manteniendo el rendimiento \u00f3ptimo y prolongando significativamente la vida \u00fatil de los sistemas. Con G3M, equipa tus m\u00e1quinas con limpiadores que no solo limpian, sino que tambi\u00e9n protegen, para <b>una operaci\u00f3n continua y eficiente de tus equipos.<\/b><\/p>\t\t\t\t\t\t\t\t<\/div>\n\t\t\t\t<\/div>\n\t\t\t\t\t<\/div>\n\t\t\t\t<\/div>\n\t\t<div class=\"elementor-element elementor-element-5a15cd7d e-flex e-con-boxed e-con e-parent\" data-id=\"5a15cd7d\" data-element_type=\"container\" data-e-type=\"container\">\n\t\t\t\t\t<div class=\"e-con-inner\">\n\t\t\t\t<div class=\"elementor-element elementor-element-7c3b6bf2 elementor-widget-divider--view-line elementor-widget elementor-widget-divider\" data-id=\"7c3b6bf2\" data-element_type=\"widget\" data-e-type=\"widget\" data-widget_type=\"divider.default\">\n\t\t\t\t<div class=\"elementor-widget-container\">\n\t\t\t\t\t\t\t<div class=\"elementor-divider\">\n\t\t\t<span class=\"elementor-divider-separator\">\n\t\t\t\t\t\t<\/span>\n\t\t<\/div>\n\t\t\t\t\t\t<\/div>\n\t\t\t\t<\/div>\n\t\t\t\t\t<\/div>\n\t\t\t\t<\/div>\n\t\t<div class=\"elementor-element elementor-element-429839a0 e-flex e-con-boxed e-con e-parent\" data-id=\"429839a0\" data-element_type=\"container\" data-e-type=\"container\">\n\t\t\t\t\t<div class=\"e-con-inner\">\n\t\t\t\t<div class=\"elementor-element elementor-element-36d02c9b elementor-widget elementor-widget-text-editor\" data-id=\"36d02c9b\" data-element_type=\"widget\" data-e-type=\"widget\" data-widget_type=\"text-editor.default\">\n\t\t\t\t<div class=\"elementor-widget-container\">\n\t\t\t\t\t\t\t\t\t<h3><strong>Conoce la variedad de limpiadores que manejamos:<\/strong><\/h3>\n<ul>\n<li><span style=\"font-weight: 400;\">Tipo D -STD<\/span><\/li>\n<li><span style=\"font-weight: 400;\">Tipo AN -STD<\/span><\/li>\n<li><span style=\"font-weight: 400;\">Tipo H &#8211; STD<\/span><\/li>\n<li><span style=\"font-weight: 400;\">Tipo DH &#8211; Hallite STD<\/span><\/li>\n<li><span style=\"font-weight: 400;\">Tipo A42- MM<\/span><\/li>\n<li><span style=\"font-weight: 400;\">Tipo AD48- MM k52<\/span><\/li>\n<li><span style=\"font-weight: 400;\">Tipo A47- MM<\/span><\/li>\n<li><span style=\"font-weight: 400;\">Tipo AM54- Met\u00e1lico MM y STD<\/span><\/li>\n<li><span style=\"font-weight: 400;\">Tipo AM44- Met\u00e1lico MM<\/span><\/li>\n<li><span style=\"font-weight: 400;\">Tipo K53- Festo MM<\/span><\/li>\n<li><span style=\"font-weight: 400;\">Tipo K30- Neum\u00e1tico Nitrilo MM<\/span><\/li>\n<\/ul>\t\t\t\t\t\t\t\t<\/div>\n\t\t\t\t<\/div>\n\t\t\t\t\t<\/div>\n\t\t\t\t<\/div>\n\t\t<div class=\"elementor-element elementor-element-5be539b2 e-grid e-con-boxed e-con e-parent\" data-id=\"5be539b2\" data-element_type=\"container\" data-e-type=\"container\" data-settings=\"{&quot;background_background&quot;:&quot;classic&quot;}\">\n\t\t\t\t\t<div class=\"e-con-inner\">\n\t\t\t\t<div class=\"elementor-element elementor-element-234e7689 elementor-widget elementor-widget-heading\" data-id=\"234e7689\" data-element_type=\"widget\" data-e-type=\"widget\" data-widget_type=\"heading.default\">\n\t\t\t\t<div class=\"elementor-widget-container\">\n\t\t\t\t\t<h2 class=\"elementor-heading-title elementor-size-default\">El cat\u00e1logo m\u00e1s amplio del sureste.<\/h2>\t\t\t\t<\/div>\n\t\t\t\t<\/div>\n\t\t\t\t<div class=\"elementor-element elementor-element-33d3e4b2 elementor-align-center elementor-widget elementor-widget-button\" data-id=\"33d3e4b2\" data-element_type=\"widget\" data-e-type=\"widget\" data-widget_type=\"button.default\">\n\t\t\t\t<div class=\"elementor-widget-container\">\n\t\t\t\t\t\t\t\t\t<div class=\"elementor-button-wrapper\">\n\t\t\t\t\t<a class=\"elementor-button elementor-button-link elementor-size-sm\" href=\"https:\/\/g3m.mx\/home\/index.php\/catalogo\/\">\n\t\t\t\t\t\t<span class=\"elementor-button-content-wrapper\">\n\t\t\t\t\t\t\t\t\t<span class=\"elementor-button-text\">Ir a Productos<\/span>\n\t\t\t\t\t<\/span>\n\t\t\t\t\t<\/a>\n\t\t\t\t<\/div>\n\t\t\t\t\t\t\t\t<\/div>\n\t\t\t\t<\/div>\n\t\t\t\t\t<\/div>\n\t\t\t\t<\/div>\n\t\t\t\t<\/div>\n\t\t","protected":false},"excerpt":{"rendered":"<p>Limpiadores En G3M, entendemos que la limpieza y el mantenimiento son fundamentales para el rendimiento y la durabilidad de tus sistemas hidr\u00e1ulicos y neum\u00e1ticos.\u00a0 Por eso, nuestros limpiadores est\u00e1n fabricados con materiales compuestos de alta densidad, dise\u00f1ados para actuar eficientemente como raspadores. Eliminan todo tipo de impurezas y part\u00edculas extra\u00f1as, asegurando que los componentes en [&hellip;]<\/p>\n","protected":false},"author":1,"featured_media":0,"parent":0,"menu_order":0,"comment_status":"closed","ping_status":"closed","template":"","meta":{"site-sidebar-layout":"no-sidebar","site-content-layout":"","ast-site-content-layout":"full-width-container","site-content-style":"default","site-sidebar-style":"default","ast-global-header-display":"","ast-banner-title-visibility":"","ast-main-header-display":"","ast-hfb-above-header-display":"","ast-hfb-below-header-display":"","ast-hfb-mobile-header-display":"","site-post-title":"disabled","ast-breadcrumbs-content":"","ast-featured-img":"disabled","footer-sml-layout":"","theme-transparent-header-meta":"","adv-header-id-meta":"","stick-header-meta":"","header-above-stick-meta":"","header-main-stick-meta":"","header-below-stick-meta":"","astra-migrate-meta-layouts":"default","ast-page-background-enabled":"default","ast-page-background-meta":{"desktop":{"background-color":"var(--ast-global-color-4)","background-image":"","background-repeat":"repeat","background-position":"center center","background-size":"auto","background-attachment":"scroll","background-type":"","background-media":"","overlay-type":"","overlay-color":"","overlay-opacity":"","overlay-gradient":""},"tablet":{"background-color":"","background-image":"","background-repeat":"repeat","background-position":"center center","background-size":"auto","background-attachment":"scroll","background-type":"","background-media":"","overlay-type":"","overlay-color":"","overlay-opacity":"","overlay-gradient":""},"mobile":{"background-color":"","background-image":"","background-repeat":"repeat","background-position":"center center","background-size":"auto","background-attachment":"scroll","background-type":"","background-media":"","overlay-type":"","overlay-color":"","overlay-opacity":"","overlay-gradient":""}},"ast-content-background-meta":{"desktop":{"background-color":"var(--ast-global-color-5)","background-image":"","background-repeat":"repeat","background-position":"center center","background-size":"auto","background-attachment":"scroll","background-type":"","background-media":"","overlay-type":"","overlay-color":"","overlay-opacity":"","overlay-gradient":""},"tablet":{"background-color":"var(--ast-global-color-5)","background-image":"","background-repeat":"repeat","background-position":"center center","background-size":"auto","background-attachment":"scroll","background-type":"","background-media":"","overlay-type":"","overlay-color":"","overlay-opacity":"","overlay-gradient":""},"mobile":{"background-color":"var(--ast-global-color-5)","background-image":"","background-repeat":"repeat","background-position":"center center","background-size":"auto","background-attachment":"scroll","background-type":"","background-media":"","overlay-type":"","overlay-color":"","overlay-opacity":"","overlay-gradient":""}},"footnotes":""},"class_list":["post-100","page","type-page","status-publish","hentry"],"jetpack_sharing_enabled":true,"_links":{"self":[{"href":"https:\/\/g3m.mx\/home\/index.php\/wp-json\/wp\/v2\/pages\/100","targetHints":{"allow":["GET"]}}],"collection":[{"href":"https:\/\/g3m.mx\/home\/index.php\/wp-json\/wp\/v2\/pages"}],"about":[{"href":"https:\/\/g3m.mx\/home\/index.php\/wp-json\/wp\/v2\/types\/page"}],"author":[{"embeddable":true,"href":"https:\/\/g3m.mx\/home\/index.php\/wp-json\/wp\/v2\/users\/1"}],"replies":[{"embeddable":true,"href":"https:\/\/g3m.mx\/home\/index.php\/wp-json\/wp\/v2\/comments?post=100"}],"version-history":[{"count":7,"href":"https:\/\/g3m.mx\/home\/index.php\/wp-json\/wp\/v2\/pages\/100\/revisions"}],"predecessor-version":[{"id":249,"href":"https:\/\/g3m.mx\/home\/index.php\/wp-json\/wp\/v2\/pages\/100\/revisions\/249"}],"wp:attachment":[{"href":"https:\/\/g3m.mx\/home\/index.php\/wp-json\/wp\/v2\/media?parent=100"}],"curies":[{"name":"wp","href":"https:\/\/api.w.org\/{rel}","templated":true}]}}