{"id":104,"date":"2024-03-21T13:44:10","date_gmt":"2024-03-21T13:44:10","guid":{"rendered":"https:\/\/g3m.mx\/home\/?page_id=104"},"modified":"2024-06-05T07:58:26","modified_gmt":"2024-06-05T07:58:26","slug":"sellos-buffer","status":"publish","type":"page","link":"https:\/\/g3m.mx\/home\/index.php\/sellos-buffer\/","title":{"rendered":"Sellos buffer"},"content":{"rendered":"\t\t<div data-elementor-type=\"wp-page\" data-elementor-id=\"104\" class=\"elementor elementor-104\">\n\t\t\t\t<div class=\"elementor-element elementor-element-1500c142 e-flex e-con-boxed e-con e-parent\" data-id=\"1500c142\" data-element_type=\"container\" data-e-type=\"container\">\n\t\t\t\t\t<div class=\"e-con-inner\">\n\t\t\t\t<div class=\"elementor-element elementor-element-14204b7e elementor-widget elementor-widget-heading\" data-id=\"14204b7e\" data-element_type=\"widget\" data-e-type=\"widget\" data-widget_type=\"heading.default\">\n\t\t\t\t<div class=\"elementor-widget-container\">\n\t\t\t\t\t<h1 class=\"elementor-heading-title elementor-size-default\">Sellos Buffer<\/h1>\t\t\t\t<\/div>\n\t\t\t\t<\/div>\n\t\t\t\t\t<\/div>\n\t\t\t\t<\/div>\n\t\t<div class=\"elementor-element elementor-element-6cde5992 e-grid e-con-boxed e-con e-parent\" data-id=\"6cde5992\" data-element_type=\"container\" data-e-type=\"container\">\n\t\t\t\t\t<div class=\"e-con-inner\">\n\t\t\t\t<div class=\"elementor-element elementor-element-4cffbc04 elementor-widget elementor-widget-image\" data-id=\"4cffbc04\" data-element_type=\"widget\" data-e-type=\"widget\" data-widget_type=\"image.default\">\n\t\t\t\t<div class=\"elementor-widget-container\">\n\t\t\t\t\t\t\t\t\t\t\t\t\t\t\t<img fetchpriority=\"high\" decoding=\"async\" width=\"1000\" height=\"1000\" src=\"https:\/\/g3m.mx\/home\/wp-content\/uploads\/2024\/04\/1-5.jpg\" class=\"attachment-large size-large wp-image-251\" alt=\"\" srcset=\"https:\/\/g3m.mx\/home\/wp-content\/uploads\/2024\/04\/1-5.jpg 1000w, https:\/\/g3m.mx\/home\/wp-content\/uploads\/2024\/04\/1-5-300x300.jpg 300w, https:\/\/g3m.mx\/home\/wp-content\/uploads\/2024\/04\/1-5-150x150.jpg 150w, https:\/\/g3m.mx\/home\/wp-content\/uploads\/2024\/04\/1-5-768x768.jpg 768w\" sizes=\"(max-width: 1000px) 100vw, 1000px\" \/>\t\t\t\t\t\t\t\t\t\t\t\t\t\t\t<\/div>\n\t\t\t\t<\/div>\n\t\t\t\t<div class=\"elementor-element elementor-element-1a4ed3ac elementor-widget elementor-widget-image\" data-id=\"1a4ed3ac\" data-element_type=\"widget\" data-e-type=\"widget\" data-widget_type=\"image.default\">\n\t\t\t\t<div class=\"elementor-widget-container\">\n\t\t\t\t\t\t\t\t\t\t\t\t\t\t\t<img decoding=\"async\" width=\"1000\" height=\"1000\" src=\"https:\/\/g3m.mx\/home\/wp-content\/uploads\/2024\/06\/Buffer-2-1.png\" class=\"attachment-large size-large wp-image-492\" alt=\"\" srcset=\"https:\/\/g3m.mx\/home\/wp-content\/uploads\/2024\/06\/Buffer-2-1.png 1000w, https:\/\/g3m.mx\/home\/wp-content\/uploads\/2024\/06\/Buffer-2-1-300x300.png 300w, https:\/\/g3m.mx\/home\/wp-content\/uploads\/2024\/06\/Buffer-2-1-150x150.png 150w, https:\/\/g3m.mx\/home\/wp-content\/uploads\/2024\/06\/Buffer-2-1-768x768.png 768w\" sizes=\"(max-width: 1000px) 100vw, 1000px\" \/>\t\t\t\t\t\t\t\t\t\t\t\t\t\t\t<\/div>\n\t\t\t\t<\/div>\n\t\t\t\t\t<\/div>\n\t\t\t\t<\/div>\n\t\t<div class=\"elementor-element elementor-element-4d83697d e-flex e-con-boxed e-con e-parent\" data-id=\"4d83697d\" data-element_type=\"container\" data-e-type=\"container\">\n\t\t\t\t\t<div class=\"e-con-inner\">\n\t\t\t\t<div class=\"elementor-element elementor-element-120f6d9e elementor-widget elementor-widget-text-editor\" data-id=\"120f6d9e\" data-element_type=\"widget\" data-e-type=\"widget\" data-widget_type=\"text-editor.default\">\n\t\t\t\t<div class=\"elementor-widget-container\">\n\t\t\t\t\t\t\t\t\t<p>Los sellos buffer de G3M son la soluci\u00f3n definitiva para mitigar choques y vibraciones en tus sistemas hidr\u00e1ulicos. Fabricados con <b>poliuretano de alta resistencia,<\/b> estos sellos est\u00e1n dise\u00f1ados para soportar las condiciones m\u00e1s exigentes.\u00a0<\/p><p>Su perfil especial no solo absorbe impactos, sino que tambi\u00e9n mejora la estabilidad operativa, <b>protegiendo los componentes internos y extendiendo la vida \u00fatil de tus equipos.<\/b><\/p><p>La avanzada tecnolog\u00eda de nuestros sellos buffer garantiza un rendimiento excepcional, permitiendo que los cilindros hidr\u00e1ulicos funcionen de manera m\u00e1s suave y eficiente.\u00a0<\/p><p>Al integrarlos en tus sistemas, proporcionan una barrera resistente contra las fuerzas adversas, asegurando que tus operaciones se mantengan estables y confiables bajo cualquier circunstancia. Con G3M, elige la excelencia en amortiguaci\u00f3n y disfruta de un funcionamiento impecable de tus m\u00e1quinas.<\/p>\t\t\t\t\t\t\t\t<\/div>\n\t\t\t\t<\/div>\n\t\t\t\t\t<\/div>\n\t\t\t\t<\/div>\n\t\t<div class=\"elementor-element elementor-element-272487ab e-flex e-con-boxed e-con e-parent\" data-id=\"272487ab\" data-element_type=\"container\" data-e-type=\"container\">\n\t\t\t\t\t<div class=\"e-con-inner\">\n\t\t\t\t<div class=\"elementor-element elementor-element-2ccbead9 elementor-widget-divider--view-line elementor-widget elementor-widget-divider\" data-id=\"2ccbead9\" data-element_type=\"widget\" data-e-type=\"widget\" data-widget_type=\"divider.default\">\n\t\t\t\t<div class=\"elementor-widget-container\">\n\t\t\t\t\t\t\t<div class=\"elementor-divider\">\n\t\t\t<span class=\"elementor-divider-separator\">\n\t\t\t\t\t\t<\/span>\n\t\t<\/div>\n\t\t\t\t\t\t<\/div>\n\t\t\t\t<\/div>\n\t\t\t\t\t<\/div>\n\t\t\t\t<\/div>\n\t\t<div class=\"elementor-element elementor-element-5660e33b e-flex e-con-boxed e-con e-parent\" data-id=\"5660e33b\" data-element_type=\"container\" data-e-type=\"container\">\n\t\t\t\t\t<div class=\"e-con-inner\">\n\t\t\t\t<div class=\"elementor-element elementor-element-42b2a7d5 elementor-widget elementor-widget-text-editor\" data-id=\"42b2a7d5\" data-element_type=\"widget\" data-e-type=\"widget\" data-widget_type=\"text-editor.default\">\n\t\t\t\t<div class=\"elementor-widget-container\">\n\t\t\t\t\t\t\t\t\t<h3><strong>Conoce la variedad de cordones que manejamos:<\/strong><\/h3><ul><li><b>REDONDO NItrilo 70<\/b><\/li><\/ul><p>Material: Extruido NBR | Dureza:<span style=\"font-weight: 400;\"> 70 | <\/span>Temp:<span style=\"font-weight: 400;\"> &#8216;-30\/100\u00b0C<\/span><\/p><ul><li><b>REDONDO Vit\u00f3n 70<\/b><\/li><\/ul><p>Material: Extruido FKM | Dureza:<span style=\"font-weight: 400;\"> 75 | <\/span>Temp:<span style=\"font-weight: 400;\"> &#8216;-15\/200\u00b0C<\/span><\/p><ul><li><b>REDONDO Silic\u00f3n 70<\/b><\/li><\/ul><p>Material: Extruido Silic\u00f3n | Dureza:<span style=\"font-weight: 400;\"> 70 | <\/span>Temp:<span style=\"font-weight: 400;\"> &#8216;-55\/200\u00b0C<\/span><\/p><ul><li><b>CUADRADO Nitrilo 70<\/b><\/li><\/ul><p>Material: Extruido NBR C | Dureza:<span style=\"font-weight: 400;\"> 70 | <\/span>Color:<span style=\"font-weight: 400;\"> Negro | <\/span>Temp:<span style=\"font-weight: 400;\"> &#8216;-30\/100\u00b0C<\/span><\/p><ul><li><b>REDONDO Silic\u00f3n 70<\/b><\/li><\/ul><p>Material: Extru\u00eddo Silic\u00f3n | Dureza:<span style=\"font-weight: 400;\"> 70 | <\/span>Temp:<span style=\"font-weight: 400;\"> &#8216;-55\/200\u00b0<\/span><\/p>\t\t\t\t\t\t\t\t<\/div>\n\t\t\t\t<\/div>\n\t\t\t\t\t<\/div>\n\t\t\t\t<\/div>\n\t\t<div class=\"elementor-element elementor-element-42bc85b2 e-grid e-con-boxed e-con e-parent\" data-id=\"42bc85b2\" data-element_type=\"container\" data-e-type=\"container\" data-settings=\"{&quot;background_background&quot;:&quot;classic&quot;}\">\n\t\t\t\t\t<div class=\"e-con-inner\">\n\t\t\t\t<div class=\"elementor-element elementor-element-d2687c8 elementor-widget elementor-widget-heading\" data-id=\"d2687c8\" data-element_type=\"widget\" data-e-type=\"widget\" data-widget_type=\"heading.default\">\n\t\t\t\t<div class=\"elementor-widget-container\">\n\t\t\t\t\t<h2 class=\"elementor-heading-title elementor-size-default\">El cat\u00e1logo m\u00e1s amplio del sureste.<\/h2>\t\t\t\t<\/div>\n\t\t\t\t<\/div>\n\t\t\t\t<div class=\"elementor-element elementor-element-3956614a elementor-align-center elementor-widget elementor-widget-button\" data-id=\"3956614a\" data-element_type=\"widget\" data-e-type=\"widget\" data-widget_type=\"button.default\">\n\t\t\t\t<div class=\"elementor-widget-container\">\n\t\t\t\t\t\t\t\t\t<div class=\"elementor-button-wrapper\">\n\t\t\t\t\t<a class=\"elementor-button elementor-button-link elementor-size-sm\" href=\"https:\/\/g3m.mx\/home\/index.php\/catalogo\/\">\n\t\t\t\t\t\t<span class=\"elementor-button-content-wrapper\">\n\t\t\t\t\t\t\t\t\t<span class=\"elementor-button-text\">Ir a Productos<\/span>\n\t\t\t\t\t<\/span>\n\t\t\t\t\t<\/a>\n\t\t\t\t<\/div>\n\t\t\t\t\t\t\t\t<\/div>\n\t\t\t\t<\/div>\n\t\t\t\t\t<\/div>\n\t\t\t\t<\/div>\n\t\t\t\t<\/div>\n\t\t","protected":false},"excerpt":{"rendered":"<p>Sellos Buffer Los sellos buffer de G3M son la soluci\u00f3n definitiva para mitigar choques y vibraciones en tus sistemas hidr\u00e1ulicos. Fabricados con poliuretano de alta resistencia, estos sellos est\u00e1n dise\u00f1ados para soportar las condiciones m\u00e1s exigentes.\u00a0 Su perfil especial no solo absorbe impactos, sino que tambi\u00e9n mejora la estabilidad operativa, protegiendo los componentes internos y [&hellip;]<\/p>\n","protected":false},"author":1,"featured_media":0,"parent":0,"menu_order":0,"comment_status":"closed","ping_status":"closed","template":"","meta":{"site-sidebar-layout":"no-sidebar","site-content-layout":"","ast-site-content-layout":"full-width-container","site-content-style":"default","site-sidebar-style":"default","ast-global-header-display":"","ast-banner-title-visibility":"","ast-main-header-display":"","ast-hfb-above-header-display":"","ast-hfb-below-header-display":"","ast-hfb-mobile-header-display":"","site-post-title":"disabled","ast-breadcrumbs-content":"","ast-featured-img":"disabled","footer-sml-layout":"","theme-transparent-header-meta":"","adv-header-id-meta":"","stick-header-meta":"","header-above-stick-meta":"","header-main-stick-meta":"","header-below-stick-meta":"","astra-migrate-meta-layouts":"default","ast-page-background-enabled":"default","ast-page-background-meta":{"desktop":{"background-color":"var(--ast-global-color-4)","background-image":"","background-repeat":"repeat","background-position":"center center","background-size":"auto","background-attachment":"scroll","background-type":"","background-media":"","overlay-type":"","overlay-color":"","overlay-opacity":"","overlay-gradient":""},"tablet":{"background-color":"","background-image":"","background-repeat":"repeat","background-position":"center center","background-size":"auto","background-attachment":"scroll","background-type":"","background-media":"","overlay-type":"","overlay-color":"","overlay-opacity":"","overlay-gradient":""},"mobile":{"background-color":"","background-image":"","background-repeat":"repeat","background-position":"center center","background-size":"auto","background-attachment":"scroll","background-type":"","background-media":"","overlay-type":"","overlay-color":"","overlay-opacity":"","overlay-gradient":""}},"ast-content-background-meta":{"desktop":{"background-color":"var(--ast-global-color-5)","background-image":"","background-repeat":"repeat","background-position":"center center","background-size":"auto","background-attachment":"scroll","background-type":"","background-media":"","overlay-type":"","overlay-color":"","overlay-opacity":"","overlay-gradient":""},"tablet":{"background-color":"var(--ast-global-color-5)","background-image":"","background-repeat":"repeat","background-position":"center center","background-size":"auto","background-attachment":"scroll","background-type":"","background-media":"","overlay-type":"","overlay-color":"","overlay-opacity":"","overlay-gradient":""},"mobile":{"background-color":"var(--ast-global-color-5)","background-image":"","background-repeat":"repeat","background-position":"center center","background-size":"auto","background-attachment":"scroll","background-type":"","background-media":"","overlay-type":"","overlay-color":"","overlay-opacity":"","overlay-gradient":""}},"footnotes":""},"class_list":["post-104","page","type-page","status-publish","hentry"],"jetpack_sharing_enabled":true,"_links":{"self":[{"href":"https:\/\/g3m.mx\/home\/index.php\/wp-json\/wp\/v2\/pages\/104","targetHints":{"allow":["GET"]}}],"collection":[{"href":"https:\/\/g3m.mx\/home\/index.php\/wp-json\/wp\/v2\/pages"}],"about":[{"href":"https:\/\/g3m.mx\/home\/index.php\/wp-json\/wp\/v2\/types\/page"}],"author":[{"embeddable":true,"href":"https:\/\/g3m.mx\/home\/index.php\/wp-json\/wp\/v2\/users\/1"}],"replies":[{"embeddable":true,"href":"https:\/\/g3m.mx\/home\/index.php\/wp-json\/wp\/v2\/comments?post=104"}],"version-history":[{"count":7,"href":"https:\/\/g3m.mx\/home\/index.php\/wp-json\/wp\/v2\/pages\/104\/revisions"}],"predecessor-version":[{"id":495,"href":"https:\/\/g3m.mx\/home\/index.php\/wp-json\/wp\/v2\/pages\/104\/revisions\/495"}],"wp:attachment":[{"href":"https:\/\/g3m.mx\/home\/index.php\/wp-json\/wp\/v2\/media?parent=104"}],"curies":[{"name":"wp","href":"https:\/\/api.w.org\/{rel}","templated":true}]}}