{"id":11,"date":"2023-08-31T19:39:46","date_gmt":"2023-08-31T19:39:46","guid":{"rendered":"https:\/\/g3m.mx\/home\/?page_id=11"},"modified":"2024-05-07T17:40:36","modified_gmt":"2024-05-07T17:40:36","slug":"nosotros","status":"publish","type":"page","link":"https:\/\/g3m.mx\/home\/index.php\/nosotros\/","title":{"rendered":"Nosotros"},"content":{"rendered":"\t\t<div data-elementor-type=\"wp-page\" data-elementor-id=\"11\" class=\"elementor elementor-11\">\n\t\t\t\t<div class=\"elementor-element elementor-element-1fb1658a e-flex e-con-boxed e-con e-parent\" data-id=\"1fb1658a\" data-element_type=\"container\" data-e-type=\"container\">\n\t\t\t\t\t<div class=\"e-con-inner\">\n\t\t\t\t<div class=\"elementor-element elementor-element-796ea607 elementor-widget elementor-widget-heading\" data-id=\"796ea607\" data-element_type=\"widget\" data-e-type=\"widget\" data-widget_type=\"heading.default\">\n\t\t\t\t<div class=\"elementor-widget-container\">\n\t\t\t\t\t<h1 class=\"elementor-heading-title elementor-size-default\">Grupo Tercer Milenio<\/h1>\t\t\t\t<\/div>\n\t\t\t\t<\/div>\n\t\t\t\t\t<\/div>\n\t\t\t\t<\/div>\n\t\t<div class=\"elementor-element elementor-element-12a25354 e-flex e-con-boxed e-con e-parent\" data-id=\"12a25354\" data-element_type=\"container\" data-e-type=\"container\">\n\t\t\t\t\t<div class=\"e-con-inner\">\n\t\t\t\t<div class=\"elementor-element elementor-element-20d28842 elementor-widget elementor-widget-text-editor\" data-id=\"20d28842\" data-element_type=\"widget\" data-e-type=\"widget\" data-widget_type=\"text-editor.default\">\n\t\t\t\t<div class=\"elementor-widget-container\">\n\t\t\t\t\t\t\t\t\t<p><b>G3M SA DE CV es una empresa yucateca especializada en la comercializaci\u00f3n de sellos hidr\u00e1ulicos y neum\u00e1ticos para maquinaria pesada y uso industrial.\u00a0<\/b><\/p><p>Durante los \u00faltimos 14 a\u00f1os, nos hemos esforzado por brindar a nuestros clientes los mejores productos y servicios, apoyados por nuestro equipo de expertos en el \u00e1rea y nuestro compromiso con la excelencia.<\/p><p>Destacando como l\u00edderes en la comercializaci\u00f3n de sellos hidr\u00e1ulicos en el sureste\u00a0<span style=\"font-style: inherit; font-weight: inherit; text-align: var(--text-align); background-color: var(--ast-global-color-5);\">de M\u00e9xico, <\/span><b><span style=\"font-style: inherit; text-align: var(--text-align); background-color: var(--ast-global-color-5);\">nuestros clientes conf\u00edan en\u00a0<\/span><span style=\"font-style: inherit; text-align: var(--text-align); background-color: var(--ast-global-color-5);\">nosotros y nos recomiendan.<\/span><\/b><\/p>\t\t\t\t\t\t\t\t<\/div>\n\t\t\t\t<\/div>\n\t\t\t\t\t<\/div>\n\t\t\t\t<\/div>\n\t\t<div class=\"elementor-element elementor-element-d68458c e-flex e-con-boxed e-con e-parent\" data-id=\"d68458c\" data-element_type=\"container\" data-e-type=\"container\">\n\t\t\t\t\t<div class=\"e-con-inner\">\n\t\t<div class=\"elementor-element elementor-element-9a1d349 e-con-full e-flex e-con e-child\" data-id=\"9a1d349\" data-element_type=\"container\" data-e-type=\"container\">\n\t\t\t\t<div class=\"elementor-element elementor-element-85b12d1 elementor-widget elementor-widget-heading\" data-id=\"85b12d1\" data-element_type=\"widget\" data-e-type=\"widget\" data-widget_type=\"heading.default\">\n\t\t\t\t<div class=\"elementor-widget-container\">\n\t\t\t\t\t<h2 class=\"elementor-heading-title elementor-size-default\"><b>Sucursal Itzaes (Matr\u00edz)<\/b><\/h2>\t\t\t\t<\/div>\n\t\t\t\t<\/div>\n\t\t\t\t<div class=\"elementor-element elementor-element-507035a elementor-widget elementor-widget-image\" data-id=\"507035a\" data-element_type=\"widget\" data-e-type=\"widget\" data-widget_type=\"image.default\">\n\t\t\t\t<div class=\"elementor-widget-container\">\n\t\t\t\t\t\t\t\t\t\t\t\t\t\t\t<img fetchpriority=\"high\" decoding=\"async\" width=\"1024\" height=\"768\" src=\"https:\/\/g3m.mx\/home\/wp-content\/uploads\/2024\/05\/1-10.jpg\" class=\"attachment-large size-large wp-image-456\" alt=\"\" srcset=\"https:\/\/g3m.mx\/home\/wp-content\/uploads\/2024\/05\/1-10.jpg 1024w, https:\/\/g3m.mx\/home\/wp-content\/uploads\/2024\/05\/1-10-300x225.jpg 300w, https:\/\/g3m.mx\/home\/wp-content\/uploads\/2024\/05\/1-10-768x576.jpg 768w\" sizes=\"(max-width: 1024px) 100vw, 1024px\" \/>\t\t\t\t\t\t\t\t\t\t\t\t\t\t\t<\/div>\n\t\t\t\t<\/div>\n\t\t\t\t<div class=\"elementor-element elementor-element-66367c8 elementor-widget elementor-widget-heading\" data-id=\"66367c8\" data-element_type=\"widget\" data-e-type=\"widget\" data-widget_type=\"heading.default\">\n\t\t\t\t<div class=\"elementor-widget-container\">\n\t\t\t\t\t<h2 class=\"elementor-heading-title elementor-size-default\">Vis\u00edtanos:<\/h2>\t\t\t\t<\/div>\n\t\t\t\t<\/div>\n\t\t\t\t<div class=\"elementor-element elementor-element-6992d63 elementor-widget elementor-widget-google_maps\" data-id=\"6992d63\" data-element_type=\"widget\" data-e-type=\"widget\" data-widget_type=\"google_maps.default\">\n\t\t\t\t<div class=\"elementor-widget-container\">\n\t\t\t\t\t\t\t<div class=\"elementor-custom-embed\">\n\t\t\t<iframe loading=\"lazy\"\n\t\t\t\t\tsrc=\"https:\/\/maps.google.com\/maps?q=Av.%20Itzaes.%20461%20x%2041%20y%2047%2C%20Centro%2C%2097000%20M%C3%A9rida%2C%20Yuc.&#038;t=m&#038;z=20&#038;output=embed&#038;iwloc=near\"\n\t\t\t\t\ttitle=\"Av. Itzaes. 461 x 41 y 47, Centro, 97000 M\u00e9rida, Yuc.\"\n\t\t\t\t\taria-label=\"Av. Itzaes. 461 x 41 y 47, Centro, 97000 M\u00e9rida, Yuc.\"\n\t\t\t><\/iframe>\n\t\t<\/div>\n\t\t\t\t\t\t<\/div>\n\t\t\t\t<\/div>\n\t\t\t\t<\/div>\n\t\t<div class=\"elementor-element elementor-element-c891690 e-con-full e-flex e-con e-child\" data-id=\"c891690\" data-element_type=\"container\" data-e-type=\"container\">\n\t\t\t\t<div class=\"elementor-element elementor-element-72619c6 elementor-widget elementor-widget-heading\" data-id=\"72619c6\" data-element_type=\"widget\" data-e-type=\"widget\" data-widget_type=\"heading.default\">\n\t\t\t\t<div class=\"elementor-widget-container\">\n\t\t\t\t\t<h2 class=\"elementor-heading-title elementor-size-default\"><b>Sucursal Oriente<\/b><\/h2>\t\t\t\t<\/div>\n\t\t\t\t<\/div>\n\t\t\t\t<div class=\"elementor-element elementor-element-e47da89 elementor-widget elementor-widget-image\" data-id=\"e47da89\" data-element_type=\"widget\" data-e-type=\"widget\" data-widget_type=\"image.default\">\n\t\t\t\t<div class=\"elementor-widget-container\">\n\t\t\t\t\t\t\t\t\t\t\t\t\t\t\t<img decoding=\"async\" width=\"1024\" height=\"768\" src=\"https:\/\/g3m.mx\/home\/wp-content\/uploads\/2024\/05\/2-10.jpg\" class=\"attachment-large size-large wp-image-457\" alt=\"\" srcset=\"https:\/\/g3m.mx\/home\/wp-content\/uploads\/2024\/05\/2-10.jpg 1024w, https:\/\/g3m.mx\/home\/wp-content\/uploads\/2024\/05\/2-10-300x225.jpg 300w, https:\/\/g3m.mx\/home\/wp-content\/uploads\/2024\/05\/2-10-768x576.jpg 768w\" sizes=\"(max-width: 1024px) 100vw, 1024px\" \/>\t\t\t\t\t\t\t\t\t\t\t\t\t\t\t<\/div>\n\t\t\t\t<\/div>\n\t\t\t\t<div class=\"elementor-element elementor-element-29ea2df elementor-widget elementor-widget-heading\" data-id=\"29ea2df\" data-element_type=\"widget\" data-e-type=\"widget\" data-widget_type=\"heading.default\">\n\t\t\t\t<div class=\"elementor-widget-container\">\n\t\t\t\t\t<h2 class=\"elementor-heading-title elementor-size-default\">Vis\u00edtanos:<\/h2>\t\t\t\t<\/div>\n\t\t\t\t<\/div>\n\t\t\t\t<div class=\"elementor-element elementor-element-e39e68f elementor-widget elementor-widget-google_maps\" data-id=\"e39e68f\" data-element_type=\"widget\" data-e-type=\"widget\" data-widget_type=\"google_maps.default\">\n\t\t\t\t<div class=\"elementor-widget-container\">\n\t\t\t\t\t\t\t<div class=\"elementor-custom-embed\">\n\t\t\t<iframe loading=\"lazy\"\n\t\t\t\t\tsrc=\"https:\/\/maps.google.com\/maps?q=C.%2045%20384%2C%20entre%2032%20y%2030%2C%20Emiliano%20Zapata%20Oriente%2C%2097156%20M%C3%A9rida%2C%20Yuc.res%2C%20Reino%20UnidoC.%2045%20384%2C%20entre%2032%20y%2030%2C%20Emiliano%20Zapata%20Oriente%2C%2097156%20M%C3%A9rida%2C%20Yuc.&#038;t=m&#038;z=20&#038;output=embed&#038;iwloc=near\"\n\t\t\t\t\ttitle=\"C. 45 384, entre 32 y 30, Emiliano Zapata Oriente, 97156 M\u00e9rida, Yuc.res, Reino UnidoC. 45 384, entre 32 y 30, Emiliano Zapata Oriente, 97156 M\u00e9rida, Yuc.\"\n\t\t\t\t\taria-label=\"C. 45 384, entre 32 y 30, Emiliano Zapata Oriente, 97156 M\u00e9rida, Yuc.res, Reino UnidoC. 45 384, entre 32 y 30, Emiliano Zapata Oriente, 97156 M\u00e9rida, Yuc.\"\n\t\t\t><\/iframe>\n\t\t<\/div>\n\t\t\t\t\t\t<\/div>\n\t\t\t\t<\/div>\n\t\t\t\t<\/div>\n\t\t\t\t\t<\/div>\n\t\t\t\t<\/div>\n\t\t<div class=\"elementor-element elementor-element-48fbbcb7 e-grid e-con-boxed e-con e-parent\" data-id=\"48fbbcb7\" data-element_type=\"container\" data-e-type=\"container\" data-settings=\"{&quot;background_background&quot;:&quot;classic&quot;}\">\n\t\t\t\t\t<div class=\"e-con-inner\">\n\t\t\t\t<div class=\"elementor-element elementor-element-7224bdaf elementor-widget elementor-widget-heading\" data-id=\"7224bdaf\" data-element_type=\"widget\" data-e-type=\"widget\" data-widget_type=\"heading.default\">\n\t\t\t\t<div class=\"elementor-widget-container\">\n\t\t\t\t\t<h2 class=\"elementor-heading-title elementor-size-default\">Conoce los productos que manejamos:<\/h2>\t\t\t\t<\/div>\n\t\t\t\t<\/div>\n\t\t\t\t<div class=\"elementor-element elementor-element-409444fb elementor-align-center elementor-widget elementor-widget-button\" data-id=\"409444fb\" data-element_type=\"widget\" data-e-type=\"widget\" data-widget_type=\"button.default\">\n\t\t\t\t<div class=\"elementor-widget-container\">\n\t\t\t\t\t\t\t\t\t<div class=\"elementor-button-wrapper\">\n\t\t\t\t\t<a class=\"elementor-button elementor-button-link elementor-size-sm\" href=\"https:\/\/g3m.mx\/home\/index.php\/catalogo\/\">\n\t\t\t\t\t\t<span class=\"elementor-button-content-wrapper\">\n\t\t\t\t\t\t\t\t\t<span class=\"elementor-button-text\">Ir a Productos<\/span>\n\t\t\t\t\t<\/span>\n\t\t\t\t\t<\/a>\n\t\t\t\t<\/div>\n\t\t\t\t\t\t\t\t<\/div>\n\t\t\t\t<\/div>\n\t\t\t\t\t<\/div>\n\t\t\t\t<\/div>\n\t\t\t\t<\/div>\n\t\t","protected":false},"excerpt":{"rendered":"<p>Grupo Tercer Milenio G3M SA DE CV es una empresa yucateca especializada en la comercializaci\u00f3n de sellos hidr\u00e1ulicos y neum\u00e1ticos para maquinaria pesada y uso industrial.\u00a0 Durante los \u00faltimos 14 a\u00f1os, nos hemos esforzado por brindar a nuestros clientes los mejores productos y servicios, apoyados por nuestro equipo de expertos en el \u00e1rea y nuestro [&hellip;]<\/p>\n","protected":false},"author":1,"featured_media":0,"parent":0,"menu_order":0,"comment_status":"closed","ping_status":"closed","template":"","meta":{"site-sidebar-layout":"no-sidebar","site-content-layout":"","ast-site-content-layout":"full-width-container","site-content-style":"default","site-sidebar-style":"default","ast-global-header-display":"","ast-banner-title-visibility":"","ast-main-header-display":"","ast-hfb-above-header-display":"","ast-hfb-below-header-display":"","ast-hfb-mobile-header-display":"","site-post-title":"disabled","ast-breadcrumbs-content":"","ast-featured-img":"disabled","footer-sml-layout":"","theme-transparent-header-meta":"","adv-header-id-meta":"","stick-header-meta":"","header-above-stick-meta":"","header-main-stick-meta":"","header-below-stick-meta":"","astra-migrate-meta-layouts":"default","ast-page-background-enabled":"default","ast-page-background-meta":{"desktop":{"background-color":"var(--ast-global-color-4)","background-image":"","background-repeat":"repeat","background-position":"center center","background-size":"auto","background-attachment":"scroll","background-type":"","background-media":"","overlay-type":"","overlay-color":"","overlay-opacity":"","overlay-gradient":""},"tablet":{"background-color":"","background-image":"","background-repeat":"repeat","background-position":"center center","background-size":"auto","background-attachment":"scroll","background-type":"","background-media":"","overlay-type":"","overlay-color":"","overlay-opacity":"","overlay-gradient":""},"mobile":{"background-color":"","background-image":"","background-repeat":"repeat","background-position":"center center","background-size":"auto","background-attachment":"scroll","background-type":"","background-media":"","overlay-type":"","overlay-color":"","overlay-opacity":"","overlay-gradient":""}},"ast-content-background-meta":{"desktop":{"background-color":"var(--ast-global-color-5)","background-image":"","background-repeat":"repeat","background-position":"center center","background-size":"auto","background-attachment":"scroll","background-type":"","background-media":"","overlay-type":"","overlay-color":"","overlay-opacity":"","overlay-gradient":""},"tablet":{"background-color":"var(--ast-global-color-5)","background-image":"","background-repeat":"repeat","background-position":"center center","background-size":"auto","background-attachment":"scroll","background-type":"","background-media":"","overlay-type":"","overlay-color":"","overlay-opacity":"","overlay-gradient":""},"mobile":{"background-color":"var(--ast-global-color-5)","background-image":"","background-repeat":"repeat","background-position":"center center","background-size":"auto","background-attachment":"scroll","background-type":"","background-media":"","overlay-type":"","overlay-color":"","overlay-opacity":"","overlay-gradient":""}},"footnotes":""},"class_list":["post-11","page","type-page","status-publish","hentry"],"jetpack_sharing_enabled":true,"_links":{"self":[{"href":"https:\/\/g3m.mx\/home\/index.php\/wp-json\/wp\/v2\/pages\/11","targetHints":{"allow":["GET"]}}],"collection":[{"href":"https:\/\/g3m.mx\/home\/index.php\/wp-json\/wp\/v2\/pages"}],"about":[{"href":"https:\/\/g3m.mx\/home\/index.php\/wp-json\/wp\/v2\/types\/page"}],"author":[{"embeddable":true,"href":"https:\/\/g3m.mx\/home\/index.php\/wp-json\/wp\/v2\/users\/1"}],"replies":[{"embeddable":true,"href":"https:\/\/g3m.mx\/home\/index.php\/wp-json\/wp\/v2\/comments?post=11"}],"version-history":[{"count":19,"href":"https:\/\/g3m.mx\/home\/index.php\/wp-json\/wp\/v2\/pages\/11\/revisions"}],"predecessor-version":[{"id":469,"href":"https:\/\/g3m.mx\/home\/index.php\/wp-json\/wp\/v2\/pages\/11\/revisions\/469"}],"wp:attachment":[{"href":"https:\/\/g3m.mx\/home\/index.php\/wp-json\/wp\/v2\/media?parent=11"}],"curies":[{"name":"wp","href":"https:\/\/api.w.org\/{rel}","templated":true}]}}