{"id":110,"date":"2024-03-21T13:45:14","date_gmt":"2024-03-21T13:45:14","guid":{"rendered":"https:\/\/g3m.mx\/home\/?page_id=110"},"modified":"2024-06-05T08:29:03","modified_gmt":"2024-06-05T08:29:03","slug":"sellos-de-piston","status":"publish","type":"page","link":"https:\/\/g3m.mx\/home\/index.php\/sellos-de-piston\/","title":{"rendered":"Sellos de pist\u00f3n"},"content":{"rendered":"\t\t<div data-elementor-type=\"wp-page\" data-elementor-id=\"110\" class=\"elementor elementor-110\">\n\t\t\t\t<div class=\"elementor-element elementor-element-42f380aa e-flex e-con-boxed e-con e-parent\" data-id=\"42f380aa\" data-element_type=\"container\" data-e-type=\"container\">\n\t\t\t\t\t<div class=\"e-con-inner\">\n\t\t\t\t<div class=\"elementor-element elementor-element-3584e1d6 elementor-widget elementor-widget-heading\" data-id=\"3584e1d6\" data-element_type=\"widget\" data-e-type=\"widget\" data-widget_type=\"heading.default\">\n\t\t\t\t<div class=\"elementor-widget-container\">\n\t\t\t\t\t<h1 class=\"elementor-heading-title elementor-size-default\">Sellos de Pist\u00f3n<\/h1>\t\t\t\t<\/div>\n\t\t\t\t<\/div>\n\t\t\t\t\t<\/div>\n\t\t\t\t<\/div>\n\t\t<div class=\"elementor-element elementor-element-1239f988 e-grid e-con-boxed e-con e-parent\" data-id=\"1239f988\" data-element_type=\"container\" data-e-type=\"container\">\n\t\t\t\t\t<div class=\"e-con-inner\">\n\t\t\t\t<div class=\"elementor-element elementor-element-7950862a elementor-widget elementor-widget-image\" data-id=\"7950862a\" data-element_type=\"widget\" data-e-type=\"widget\" data-widget_type=\"image.default\">\n\t\t\t\t<div class=\"elementor-widget-container\">\n\t\t\t\t\t\t\t\t\t\t\t\t\t\t\t<img fetchpriority=\"high\" decoding=\"async\" width=\"1000\" height=\"1000\" src=\"https:\/\/g3m.mx\/home\/wp-content\/uploads\/2024\/04\/1-7.jpg\" class=\"attachment-large size-large wp-image-271\" alt=\"\" srcset=\"https:\/\/g3m.mx\/home\/wp-content\/uploads\/2024\/04\/1-7.jpg 1000w, https:\/\/g3m.mx\/home\/wp-content\/uploads\/2024\/04\/1-7-300x300.jpg 300w, https:\/\/g3m.mx\/home\/wp-content\/uploads\/2024\/04\/1-7-150x150.jpg 150w, https:\/\/g3m.mx\/home\/wp-content\/uploads\/2024\/04\/1-7-768x768.jpg 768w\" sizes=\"(max-width: 1000px) 100vw, 1000px\" \/>\t\t\t\t\t\t\t\t\t\t\t\t\t\t\t<\/div>\n\t\t\t\t<\/div>\n\t\t\t\t<div class=\"elementor-element elementor-element-61f3cf22 elementor-widget elementor-widget-image\" data-id=\"61f3cf22\" data-element_type=\"widget\" data-e-type=\"widget\" data-widget_type=\"image.default\">\n\t\t\t\t<div class=\"elementor-widget-container\">\n\t\t\t\t\t\t\t\t\t\t\t\t\t\t\t<img decoding=\"async\" width=\"1000\" height=\"1000\" src=\"https:\/\/g3m.mx\/home\/wp-content\/uploads\/2024\/06\/SellosPiston.png\" class=\"attachment-large size-large wp-image-506\" alt=\"\" srcset=\"https:\/\/g3m.mx\/home\/wp-content\/uploads\/2024\/06\/SellosPiston.png 1000w, https:\/\/g3m.mx\/home\/wp-content\/uploads\/2024\/06\/SellosPiston-300x300.png 300w, https:\/\/g3m.mx\/home\/wp-content\/uploads\/2024\/06\/SellosPiston-150x150.png 150w, https:\/\/g3m.mx\/home\/wp-content\/uploads\/2024\/06\/SellosPiston-768x768.png 768w\" sizes=\"(max-width: 1000px) 100vw, 1000px\" \/>\t\t\t\t\t\t\t\t\t\t\t\t\t\t\t<\/div>\n\t\t\t\t<\/div>\n\t\t\t\t<div class=\"elementor-element elementor-element-ab0c855 elementor-widget elementor-widget-image\" data-id=\"ab0c855\" data-element_type=\"widget\" data-e-type=\"widget\" data-widget_type=\"image.default\">\n\t\t\t\t<div class=\"elementor-widget-container\">\n\t\t\t\t\t\t\t\t\t\t\t\t\t\t\t<img decoding=\"async\" width=\"1000\" height=\"1000\" src=\"https:\/\/g3m.mx\/home\/wp-content\/uploads\/2024\/06\/1-2.png\" class=\"attachment-large size-large wp-image-503\" alt=\"\" srcset=\"https:\/\/g3m.mx\/home\/wp-content\/uploads\/2024\/06\/1-2.png 1000w, https:\/\/g3m.mx\/home\/wp-content\/uploads\/2024\/06\/1-2-300x300.png 300w, https:\/\/g3m.mx\/home\/wp-content\/uploads\/2024\/06\/1-2-150x150.png 150w, https:\/\/g3m.mx\/home\/wp-content\/uploads\/2024\/06\/1-2-768x768.png 768w\" sizes=\"(max-width: 1000px) 100vw, 1000px\" \/>\t\t\t\t\t\t\t\t\t\t\t\t\t\t\t<\/div>\n\t\t\t\t<\/div>\n\t\t\t\t<div class=\"elementor-element elementor-element-4bf0619 elementor-widget elementor-widget-image\" data-id=\"4bf0619\" data-element_type=\"widget\" data-e-type=\"widget\" data-widget_type=\"image.default\">\n\t\t\t\t<div class=\"elementor-widget-container\">\n\t\t\t\t\t\t\t\t\t\t\t\t\t\t\t<img loading=\"lazy\" decoding=\"async\" width=\"1000\" height=\"1000\" src=\"https:\/\/g3m.mx\/home\/wp-content\/uploads\/2024\/04\/2-7.jpg\" class=\"attachment-large size-large wp-image-272\" alt=\"\" srcset=\"https:\/\/g3m.mx\/home\/wp-content\/uploads\/2024\/04\/2-7.jpg 1000w, https:\/\/g3m.mx\/home\/wp-content\/uploads\/2024\/04\/2-7-300x300.jpg 300w, https:\/\/g3m.mx\/home\/wp-content\/uploads\/2024\/04\/2-7-150x150.jpg 150w, https:\/\/g3m.mx\/home\/wp-content\/uploads\/2024\/04\/2-7-768x768.jpg 768w\" sizes=\"(max-width: 1000px) 100vw, 1000px\" \/>\t\t\t\t\t\t\t\t\t\t\t\t\t\t\t<\/div>\n\t\t\t\t<\/div>\n\t\t\t\t\t<\/div>\n\t\t\t\t<\/div>\n\t\t<div class=\"elementor-element elementor-element-5940dbf1 e-flex e-con-boxed e-con e-parent\" data-id=\"5940dbf1\" data-element_type=\"container\" data-e-type=\"container\">\n\t\t\t\t\t<div class=\"e-con-inner\">\n\t\t\t\t<div class=\"elementor-element elementor-element-596733d7 elementor-widget elementor-widget-text-editor\" data-id=\"596733d7\" data-element_type=\"widget\" data-e-type=\"widget\" data-widget_type=\"text-editor.default\">\n\t\t\t\t<div class=\"elementor-widget-container\">\n\t\t\t\t\t\t\t\t\t<p><strong>Sellos de Pist\u00f3n: M\u00e1xima Eficiencia en Cilindros Hidr\u00e1ulicos y Neum\u00e1ticos<\/strong>: Los sellos de pist\u00f3n de G3M est\u00e1n dise\u00f1ados para cumplir con las demandas m\u00e1s exigentes de la industria.\u00a0<\/p><p>Con una geometr\u00eda de labio optimizada y fabricados a partir de elast\u00f3meros de alto rendimiento, estos sellos aseguran un sellado herm\u00e9tico, esencial para el funcionamiento eficiente de cilindros hidr\u00e1ulicos y neum\u00e1ticos.<\/p><p>La estructura avanzada de nuestros sellos de pist\u00f3n permite una adaptaci\u00f3n perfecta a los movimientos del pist\u00f3n, minimizando la fricci\u00f3n y reduciendo significativamente las posibilidades de fugas.\u00a0<\/p><p>Esta eficiencia no solo mejora la respuesta y la velocidad de tus sistemas, sino que tambi\u00e9n contribuye a una <b>mayor vida \u00fatil de los componentes, al reducir el desgaste y el mantenimiento. <\/b>Con los sellos de pist\u00f3n de G3M, experimenta un rendimiento sin precedentes que lleva la eficiencia operativa a un nuevo nivel.<\/p>\t\t\t\t\t\t\t\t<\/div>\n\t\t\t\t<\/div>\n\t\t\t\t\t<\/div>\n\t\t\t\t<\/div>\n\t\t<div class=\"elementor-element elementor-element-a39bef9 e-flex e-con-boxed e-con e-parent\" data-id=\"a39bef9\" data-element_type=\"container\" data-e-type=\"container\">\n\t\t\t\t\t<div class=\"e-con-inner\">\n\t\t\t\t<div class=\"elementor-element elementor-element-ce81e4d elementor-widget-divider--view-line elementor-widget elementor-widget-divider\" data-id=\"ce81e4d\" data-element_type=\"widget\" data-e-type=\"widget\" data-widget_type=\"divider.default\">\n\t\t\t\t<div class=\"elementor-widget-container\">\n\t\t\t\t\t\t\t<div class=\"elementor-divider\">\n\t\t\t<span class=\"elementor-divider-separator\">\n\t\t\t\t\t\t<\/span>\n\t\t<\/div>\n\t\t\t\t\t\t<\/div>\n\t\t\t\t<\/div>\n\t\t\t\t\t<\/div>\n\t\t\t\t<\/div>\n\t\t<div class=\"elementor-element elementor-element-21606770 e-flex e-con-boxed e-con e-parent\" data-id=\"21606770\" data-element_type=\"container\" data-e-type=\"container\">\n\t\t\t\t\t<div class=\"e-con-inner\">\n\t\t\t\t<div class=\"elementor-element elementor-element-11cc11fc elementor-widget elementor-widget-text-editor\" data-id=\"11cc11fc\" data-element_type=\"widget\" data-e-type=\"widget\" data-widget_type=\"text-editor.default\">\n\t\t\t\t<div class=\"elementor-widget-container\">\n\t\t\t\t\t\t\t\t\t<h3><strong>Conoce la variedad de Sellos de Pist\u00f3n que manejamos:<\/strong><\/h3>\n<ul>\n<li><span style=\"font-weight: 400;\">Corona- Tipo CP STD Uretano\/Nitrilo<\/span><\/li>\n<li><span style=\"font-weight: 400;\">Copa CS &#8211; STD Uretano<\/span><\/li>\n<li><span style=\"font-weight: 400;\">MA28- Uretano MM y STD<\/span><\/li>\n<li><span style=\"font-weight: 400;\">PS1400- Tefl\u00f3n con Fibra de vidrio y O&#8217;ring de Nitrilo<\/span><\/li>\n<li><span style=\"font-weight: 400;\">PS1600- Tefl\u00f3n con Fibra de vidrio y O&#8217;ring de Nitrilo<\/span><\/li>\n<li><span style=\"font-weight: 400;\">PS1800- Tefl\u00f3n con Fibra de vidrio y O&#8217;ring de Nitrilo<\/span><\/li>\n<li><span style=\"font-weight: 400;\">P2B &#8211; Bronce MM<\/span><\/li>\n<li><span style=\"font-weight: 400;\">P2B &#8211; Uretano MM<\/span><\/li>\n<li><span style=\"font-weight: 400;\">P2B &#8211; Uretano STD<\/span><\/li>\n<li><span style=\"font-weight: 400;\">TP &#8211; Sello 3 piezas&nbsp; STD Uretano<\/span><\/li>\n<li><span style=\"font-weight: 400;\">CPS &#8211; Sello de 4 piezas- Tefl\u00f3n con O&#8217;ring de Nitrilo STD<\/span><\/li>\n<li><span style=\"font-weight: 400;\">MCPS &#8211; Sello de 4 piezas- Tefl\u00f3n con O&#8217;ring de Nitrilo MM<\/span><\/li>\n<li><span style=\"font-weight: 400;\">K03 &#8211; Sello de 5 piezas &#8211; MM<\/span><\/li>\n<li><span style=\"font-weight: 400;\">PSA &#8211; Sello de 5 piezas &#8211; STD<\/span><\/li>\n<li><span style=\"font-weight: 400;\">K22 &#8211; Polyseal Tipo U MM<\/span><\/li>\n<li><span style=\"font-weight: 400;\">MPS &#8211; Polyseal Tipo B- MM y STD<\/span><\/li>\n<li><span style=\"font-weight: 400;\">SPR- Seguro de acero con corte en escalera<\/span><\/li>\n<\/ul>\t\t\t\t\t\t\t\t<\/div>\n\t\t\t\t<\/div>\n\t\t\t\t\t<\/div>\n\t\t\t\t<\/div>\n\t\t<div class=\"elementor-element elementor-element-2a839043 e-grid e-con-boxed e-con e-parent\" data-id=\"2a839043\" data-element_type=\"container\" data-e-type=\"container\" data-settings=\"{&quot;background_background&quot;:&quot;classic&quot;}\">\n\t\t\t\t\t<div class=\"e-con-inner\">\n\t\t\t\t<div class=\"elementor-element elementor-element-10d21b9e elementor-widget elementor-widget-heading\" data-id=\"10d21b9e\" data-element_type=\"widget\" data-e-type=\"widget\" data-widget_type=\"heading.default\">\n\t\t\t\t<div class=\"elementor-widget-container\">\n\t\t\t\t\t<h2 class=\"elementor-heading-title elementor-size-default\">El cat\u00e1logo m\u00e1s amplio del sureste.<\/h2>\t\t\t\t<\/div>\n\t\t\t\t<\/div>\n\t\t\t\t<div class=\"elementor-element elementor-element-208d6cf2 elementor-align-center elementor-widget elementor-widget-button\" data-id=\"208d6cf2\" data-element_type=\"widget\" data-e-type=\"widget\" data-widget_type=\"button.default\">\n\t\t\t\t<div class=\"elementor-widget-container\">\n\t\t\t\t\t\t\t\t\t<div class=\"elementor-button-wrapper\">\n\t\t\t\t\t<a class=\"elementor-button elementor-button-link elementor-size-sm\" href=\"https:\/\/g3m.mx\/home\/index.php\/catalogo\/\">\n\t\t\t\t\t\t<span class=\"elementor-button-content-wrapper\">\n\t\t\t\t\t\t\t\t\t<span class=\"elementor-button-text\">Ir a Productos<\/span>\n\t\t\t\t\t<\/span>\n\t\t\t\t\t<\/a>\n\t\t\t\t<\/div>\n\t\t\t\t\t\t\t\t<\/div>\n\t\t\t\t<\/div>\n\t\t\t\t\t<\/div>\n\t\t\t\t<\/div>\n\t\t\t\t<\/div>\n\t\t","protected":false},"excerpt":{"rendered":"<p>Sellos de Pist\u00f3n Sellos de Pist\u00f3n: M\u00e1xima Eficiencia en Cilindros Hidr\u00e1ulicos y Neum\u00e1ticos: Los sellos de pist\u00f3n de G3M est\u00e1n dise\u00f1ados para cumplir con las demandas m\u00e1s exigentes de la industria.\u00a0 Con una geometr\u00eda de labio optimizada y fabricados a partir de elast\u00f3meros de alto rendimiento, estos sellos aseguran un sellado herm\u00e9tico, esencial para el [&hellip;]<\/p>\n","protected":false},"author":1,"featured_media":0,"parent":0,"menu_order":0,"comment_status":"closed","ping_status":"closed","template":"","meta":{"site-sidebar-layout":"no-sidebar","site-content-layout":"","ast-site-content-layout":"full-width-container","site-content-style":"default","site-sidebar-style":"default","ast-global-header-display":"","ast-banner-title-visibility":"","ast-main-header-display":"","ast-hfb-above-header-display":"","ast-hfb-below-header-display":"","ast-hfb-mobile-header-display":"","site-post-title":"disabled","ast-breadcrumbs-content":"","ast-featured-img":"disabled","footer-sml-layout":"","theme-transparent-header-meta":"","adv-header-id-meta":"","stick-header-meta":"","header-above-stick-meta":"","header-main-stick-meta":"","header-below-stick-meta":"","astra-migrate-meta-layouts":"default","ast-page-background-enabled":"default","ast-page-background-meta":{"desktop":{"background-color":"var(--ast-global-color-4)","background-image":"","background-repeat":"repeat","background-position":"center center","background-size":"auto","background-attachment":"scroll","background-type":"","background-media":"","overlay-type":"","overlay-color":"","overlay-opacity":"","overlay-gradient":""},"tablet":{"background-color":"","background-image":"","background-repeat":"repeat","background-position":"center center","background-size":"auto","background-attachment":"scroll","background-type":"","background-media":"","overlay-type":"","overlay-color":"","overlay-opacity":"","overlay-gradient":""},"mobile":{"background-color":"","background-image":"","background-repeat":"repeat","background-position":"center center","background-size":"auto","background-attachment":"scroll","background-type":"","background-media":"","overlay-type":"","overlay-color":"","overlay-opacity":"","overlay-gradient":""}},"ast-content-background-meta":{"desktop":{"background-color":"var(--ast-global-color-5)","background-image":"","background-repeat":"repeat","background-position":"center center","background-size":"auto","background-attachment":"scroll","background-type":"","background-media":"","overlay-type":"","overlay-color":"","overlay-opacity":"","overlay-gradient":""},"tablet":{"background-color":"var(--ast-global-color-5)","background-image":"","background-repeat":"repeat","background-position":"center center","background-size":"auto","background-attachment":"scroll","background-type":"","background-media":"","overlay-type":"","overlay-color":"","overlay-opacity":"","overlay-gradient":""},"mobile":{"background-color":"var(--ast-global-color-5)","background-image":"","background-repeat":"repeat","background-position":"center center","background-size":"auto","background-attachment":"scroll","background-type":"","background-media":"","overlay-type":"","overlay-color":"","overlay-opacity":"","overlay-gradient":""}},"footnotes":""},"class_list":["post-110","page","type-page","status-publish","hentry"],"jetpack_sharing_enabled":true,"_links":{"self":[{"href":"https:\/\/g3m.mx\/home\/index.php\/wp-json\/wp\/v2\/pages\/110","targetHints":{"allow":["GET"]}}],"collection":[{"href":"https:\/\/g3m.mx\/home\/index.php\/wp-json\/wp\/v2\/pages"}],"about":[{"href":"https:\/\/g3m.mx\/home\/index.php\/wp-json\/wp\/v2\/types\/page"}],"author":[{"embeddable":true,"href":"https:\/\/g3m.mx\/home\/index.php\/wp-json\/wp\/v2\/users\/1"}],"replies":[{"embeddable":true,"href":"https:\/\/g3m.mx\/home\/index.php\/wp-json\/wp\/v2\/comments?post=110"}],"version-history":[{"count":7,"href":"https:\/\/g3m.mx\/home\/index.php\/wp-json\/wp\/v2\/pages\/110\/revisions"}],"predecessor-version":[{"id":509,"href":"https:\/\/g3m.mx\/home\/index.php\/wp-json\/wp\/v2\/pages\/110\/revisions\/509"}],"wp:attachment":[{"href":"https:\/\/g3m.mx\/home\/index.php\/wp-json\/wp\/v2\/media?parent=110"}],"curies":[{"name":"wp","href":"https:\/\/api.w.org\/{rel}","templated":true}]}}