{"id":124,"date":"2024-03-21T13:48:03","date_gmt":"2024-03-21T13:48:03","guid":{"rendered":"https:\/\/g3m.mx\/home\/?page_id=124"},"modified":"2024-06-05T08:43:12","modified_gmt":"2024-06-05T08:43:12","slug":"retenes","status":"publish","type":"page","link":"https:\/\/g3m.mx\/home\/index.php\/retenes\/","title":{"rendered":"Retenes"},"content":{"rendered":"\t\t<div data-elementor-type=\"wp-page\" data-elementor-id=\"124\" class=\"elementor elementor-124\">\n\t\t\t\t<div class=\"elementor-element elementor-element-2beae489 e-flex e-con-boxed e-con e-parent\" data-id=\"2beae489\" data-element_type=\"container\" data-e-type=\"container\">\n\t\t\t\t\t<div class=\"e-con-inner\">\n\t\t\t\t<div class=\"elementor-element elementor-element-643d2cbb elementor-widget elementor-widget-heading\" data-id=\"643d2cbb\" data-element_type=\"widget\" data-e-type=\"widget\" data-widget_type=\"heading.default\">\n\t\t\t\t<div class=\"elementor-widget-container\">\n\t\t\t\t\t<h1 class=\"elementor-heading-title elementor-size-default\">Retenes<\/h1>\t\t\t\t<\/div>\n\t\t\t\t<\/div>\n\t\t\t\t\t<\/div>\n\t\t\t\t<\/div>\n\t\t<div class=\"elementor-element elementor-element-73e7876c e-grid e-con-boxed e-con e-parent\" data-id=\"73e7876c\" data-element_type=\"container\" data-e-type=\"container\">\n\t\t\t\t\t<div class=\"e-con-inner\">\n\t\t\t\t<div class=\"elementor-element elementor-element-50a0875c elementor-widget elementor-widget-image\" data-id=\"50a0875c\" data-element_type=\"widget\" data-e-type=\"widget\" data-widget_type=\"image.default\">\n\t\t\t\t<div class=\"elementor-widget-container\">\n\t\t\t\t\t\t\t\t\t\t\t\t\t\t\t<img fetchpriority=\"high\" decoding=\"async\" width=\"1000\" height=\"1000\" src=\"https:\/\/g3m.mx\/home\/wp-content\/uploads\/2024\/05\/2-3.jpg\" class=\"attachment-large size-large wp-image-301\" alt=\"\" srcset=\"https:\/\/g3m.mx\/home\/wp-content\/uploads\/2024\/05\/2-3.jpg 1000w, https:\/\/g3m.mx\/home\/wp-content\/uploads\/2024\/05\/2-3-300x300.jpg 300w, https:\/\/g3m.mx\/home\/wp-content\/uploads\/2024\/05\/2-3-150x150.jpg 150w, https:\/\/g3m.mx\/home\/wp-content\/uploads\/2024\/05\/2-3-768x768.jpg 768w\" sizes=\"(max-width: 1000px) 100vw, 1000px\" \/>\t\t\t\t\t\t\t\t\t\t\t\t\t\t\t<\/div>\n\t\t\t\t<\/div>\n\t\t\t\t<div class=\"elementor-element elementor-element-2e72fd90 elementor-widget elementor-widget-image\" data-id=\"2e72fd90\" data-element_type=\"widget\" data-e-type=\"widget\" data-widget_type=\"image.default\">\n\t\t\t\t<div class=\"elementor-widget-container\">\n\t\t\t\t\t\t\t\t\t\t\t\t\t\t\t<img decoding=\"async\" width=\"1000\" height=\"1000\" src=\"https:\/\/g3m.mx\/home\/wp-content\/uploads\/2024\/05\/3.jpg\" class=\"attachment-large size-large wp-image-302\" alt=\"\" srcset=\"https:\/\/g3m.mx\/home\/wp-content\/uploads\/2024\/05\/3.jpg 1000w, https:\/\/g3m.mx\/home\/wp-content\/uploads\/2024\/05\/3-300x300.jpg 300w, https:\/\/g3m.mx\/home\/wp-content\/uploads\/2024\/05\/3-150x150.jpg 150w, https:\/\/g3m.mx\/home\/wp-content\/uploads\/2024\/05\/3-768x768.jpg 768w\" sizes=\"(max-width: 1000px) 100vw, 1000px\" \/>\t\t\t\t\t\t\t\t\t\t\t\t\t\t\t<\/div>\n\t\t\t\t<\/div>\n\t\t\t\t<div class=\"elementor-element elementor-element-205c4660 elementor-widget elementor-widget-image\" data-id=\"205c4660\" data-element_type=\"widget\" data-e-type=\"widget\" data-widget_type=\"image.default\">\n\t\t\t\t<div class=\"elementor-widget-container\">\n\t\t\t\t\t\t\t\t\t\t\t\t\t\t\t<img decoding=\"async\" width=\"1000\" height=\"1000\" src=\"https:\/\/g3m.mx\/home\/wp-content\/uploads\/2024\/06\/Reten.png\" class=\"attachment-large size-large wp-image-514\" alt=\"\" srcset=\"https:\/\/g3m.mx\/home\/wp-content\/uploads\/2024\/06\/Reten.png 1000w, https:\/\/g3m.mx\/home\/wp-content\/uploads\/2024\/06\/Reten-300x300.png 300w, https:\/\/g3m.mx\/home\/wp-content\/uploads\/2024\/06\/Reten-150x150.png 150w, https:\/\/g3m.mx\/home\/wp-content\/uploads\/2024\/06\/Reten-768x768.png 768w\" sizes=\"(max-width: 1000px) 100vw, 1000px\" \/>\t\t\t\t\t\t\t\t\t\t\t\t\t\t\t<\/div>\n\t\t\t\t<\/div>\n\t\t\t\t<div class=\"elementor-element elementor-element-3fe209f4 elementor-widget elementor-widget-image\" data-id=\"3fe209f4\" data-element_type=\"widget\" data-e-type=\"widget\" data-widget_type=\"image.default\">\n\t\t\t\t<div class=\"elementor-widget-container\">\n\t\t\t\t\t\t\t\t\t\t\t\t\t\t\t<img loading=\"lazy\" decoding=\"async\" width=\"1000\" height=\"1000\" src=\"https:\/\/g3m.mx\/home\/wp-content\/uploads\/2024\/05\/1-3.jpg\" class=\"attachment-large size-large wp-image-300\" alt=\"\" srcset=\"https:\/\/g3m.mx\/home\/wp-content\/uploads\/2024\/05\/1-3.jpg 1000w, https:\/\/g3m.mx\/home\/wp-content\/uploads\/2024\/05\/1-3-300x300.jpg 300w, https:\/\/g3m.mx\/home\/wp-content\/uploads\/2024\/05\/1-3-150x150.jpg 150w, https:\/\/g3m.mx\/home\/wp-content\/uploads\/2024\/05\/1-3-768x768.jpg 768w\" sizes=\"(max-width: 1000px) 100vw, 1000px\" \/>\t\t\t\t\t\t\t\t\t\t\t\t\t\t\t<\/div>\n\t\t\t\t<\/div>\n\t\t\t\t\t<\/div>\n\t\t\t\t<\/div>\n\t\t<div class=\"elementor-element elementor-element-196ecdb1 e-flex e-con-boxed e-con e-parent\" data-id=\"196ecdb1\" data-element_type=\"container\" data-e-type=\"container\">\n\t\t\t\t\t<div class=\"e-con-inner\">\n\t\t\t\t<div class=\"elementor-element elementor-element-5b06b13f elementor-widget elementor-widget-text-editor\" data-id=\"5b06b13f\" data-element_type=\"widget\" data-e-type=\"widget\" data-widget_type=\"text-editor.default\">\n\t\t\t\t<div class=\"elementor-widget-container\">\n\t\t\t\t\t\t\t\t\t<p>Los retenes son fundamentales para un funcionamiento seguro y eficiente de la maquinaria.<\/p><p>Fabricados con una variedad de materiales como caucho, poliuretano y PTFE, nuestros retenes est\u00e1n <b>dise\u00f1ados para proporcionar un sellado eficaz tanto en aplicaciones est\u00e1ticas como din\u00e1micas.<\/b><\/p><p>El dise\u00f1o especializado de su labio y su composici\u00f3n espec\u00edfica son cruciales para <b>prevenir fugas de aceite y proteger los componentes cr\u00edticos de la maquinaria contra la contaminaci\u00f3n.<\/b><\/p><p>Estos retenes son ideales para una amplia gama de industrias y aplicaciones, ofreciendo una soluci\u00f3n de sellado que no solo mejora la confiabilidad y la eficiencia, sino que tambi\u00e9n extiende la vida \u00fatil de los equipos. Con los retenes de G3M, aseguras una barrera robusta contra los elementos, manteniendo tus sistemas limpios y en <strong>\u00f3ptimo estado operativo.<\/strong><\/p>\t\t\t\t\t\t\t\t<\/div>\n\t\t\t\t<\/div>\n\t\t\t\t\t<\/div>\n\t\t\t\t<\/div>\n\t\t<div class=\"elementor-element elementor-element-42a7ce7d e-flex e-con-boxed e-con e-parent\" data-id=\"42a7ce7d\" data-element_type=\"container\" data-e-type=\"container\">\n\t\t\t\t\t<div class=\"e-con-inner\">\n\t\t\t\t<div class=\"elementor-element elementor-element-3caf75d9 elementor-widget-divider--view-line elementor-widget elementor-widget-divider\" data-id=\"3caf75d9\" data-element_type=\"widget\" data-e-type=\"widget\" data-widget_type=\"divider.default\">\n\t\t\t\t<div class=\"elementor-widget-container\">\n\t\t\t\t\t\t\t<div class=\"elementor-divider\">\n\t\t\t<span class=\"elementor-divider-separator\">\n\t\t\t\t\t\t<\/span>\n\t\t<\/div>\n\t\t\t\t\t\t<\/div>\n\t\t\t\t<\/div>\n\t\t\t\t\t<\/div>\n\t\t\t\t<\/div>\n\t\t<div class=\"elementor-element elementor-element-3d8ec724 e-flex e-con-boxed e-con e-parent\" data-id=\"3d8ec724\" data-element_type=\"container\" data-e-type=\"container\">\n\t\t\t\t\t<div class=\"e-con-inner\">\n\t\t\t\t<div class=\"elementor-element elementor-element-289404b0 elementor-widget elementor-widget-text-editor\" data-id=\"289404b0\" data-element_type=\"widget\" data-e-type=\"widget\" data-widget_type=\"text-editor.default\">\n\t\t\t\t<div class=\"elementor-widget-container\">\n\t\t\t\t\t\t\t\t\t<h3><strong>Conoce la variedad de retenes que manejamos:<\/strong><\/h3><ul><li><span style=\"font-weight: 400;\">TC- Doble labio Nitrilo MM Y STD<\/span><\/li><li><span style=\"font-weight: 400;\">SC- Un labio Nitrilo MM Y STD<\/span><\/li><li><span style=\"font-weight: 400;\">VTC- Doble labio Vit\u00f3n MM Y STD<\/span><\/li><li><span style=\"font-weight: 400;\">VSC-Un labio Vit\u00f3n MM y STD<\/span><\/li><li><span style=\"font-weight: 400;\">MP- Doble labio Mediana Presi\u00f3n Nitrilo MM Y STD<\/span><\/li><li><span style=\"font-weight: 400;\">HP- Doble labio Alta presi\u00f3n Nitrilo MM Y STD<\/span><\/li><li><span style=\"font-weight: 400;\">VMP- Doble labio Mediana presi\u00f3n Vit\u00f3n MM Y STD<\/span><\/li><li><span style=\"font-weight: 400;\">VHP- Doble labio Alta presi\u00f3n Vit\u00f3n MM Y STD<\/span><\/li><li><strong>\u00a1Y mucho m\u00e1s!<\/strong><\/li><\/ul>\t\t\t\t\t\t\t\t<\/div>\n\t\t\t\t<\/div>\n\t\t\t\t\t<\/div>\n\t\t\t\t<\/div>\n\t\t<div class=\"elementor-element elementor-element-16d16c25 e-grid e-con-boxed e-con e-parent\" data-id=\"16d16c25\" data-element_type=\"container\" data-e-type=\"container\" data-settings=\"{&quot;background_background&quot;:&quot;classic&quot;}\">\n\t\t\t\t\t<div class=\"e-con-inner\">\n\t\t\t\t<div class=\"elementor-element elementor-element-21a88655 elementor-widget elementor-widget-heading\" data-id=\"21a88655\" data-element_type=\"widget\" data-e-type=\"widget\" data-widget_type=\"heading.default\">\n\t\t\t\t<div class=\"elementor-widget-container\">\n\t\t\t\t\t<h2 class=\"elementor-heading-title elementor-size-default\">El cat\u00e1logo m\u00e1s amplio del sureste.<\/h2>\t\t\t\t<\/div>\n\t\t\t\t<\/div>\n\t\t\t\t<div class=\"elementor-element elementor-element-2c3201f4 elementor-align-center elementor-widget elementor-widget-button\" data-id=\"2c3201f4\" data-element_type=\"widget\" data-e-type=\"widget\" data-widget_type=\"button.default\">\n\t\t\t\t<div class=\"elementor-widget-container\">\n\t\t\t\t\t\t\t\t\t<div class=\"elementor-button-wrapper\">\n\t\t\t\t\t<a class=\"elementor-button elementor-button-link elementor-size-sm\" href=\"https:\/\/g3m.mx\/home\/index.php\/catalogo\/\">\n\t\t\t\t\t\t<span class=\"elementor-button-content-wrapper\">\n\t\t\t\t\t\t\t\t\t<span class=\"elementor-button-text\">Ir a Productos<\/span>\n\t\t\t\t\t<\/span>\n\t\t\t\t\t<\/a>\n\t\t\t\t<\/div>\n\t\t\t\t\t\t\t\t<\/div>\n\t\t\t\t<\/div>\n\t\t\t\t\t<\/div>\n\t\t\t\t<\/div>\n\t\t\t\t<\/div>\n\t\t","protected":false},"excerpt":{"rendered":"<p>Retenes Los retenes son fundamentales para un funcionamiento seguro y eficiente de la maquinaria. Fabricados con una variedad de materiales como caucho, poliuretano y PTFE, nuestros retenes est\u00e1n dise\u00f1ados para proporcionar un sellado eficaz tanto en aplicaciones est\u00e1ticas como din\u00e1micas. El dise\u00f1o especializado de su labio y su composici\u00f3n espec\u00edfica son cruciales para prevenir fugas [&hellip;]<\/p>\n","protected":false},"author":1,"featured_media":0,"parent":0,"menu_order":0,"comment_status":"closed","ping_status":"closed","template":"","meta":{"site-sidebar-layout":"no-sidebar","site-content-layout":"","ast-site-content-layout":"full-width-container","site-content-style":"default","site-sidebar-style":"default","ast-global-header-display":"","ast-banner-title-visibility":"","ast-main-header-display":"","ast-hfb-above-header-display":"","ast-hfb-below-header-display":"","ast-hfb-mobile-header-display":"","site-post-title":"disabled","ast-breadcrumbs-content":"","ast-featured-img":"disabled","footer-sml-layout":"","theme-transparent-header-meta":"","adv-header-id-meta":"","stick-header-meta":"","header-above-stick-meta":"","header-main-stick-meta":"","header-below-stick-meta":"","astra-migrate-meta-layouts":"default","ast-page-background-enabled":"default","ast-page-background-meta":{"desktop":{"background-color":"var(--ast-global-color-4)","background-image":"","background-repeat":"repeat","background-position":"center center","background-size":"auto","background-attachment":"scroll","background-type":"","background-media":"","overlay-type":"","overlay-color":"","overlay-opacity":"","overlay-gradient":""},"tablet":{"background-color":"","background-image":"","background-repeat":"repeat","background-position":"center center","background-size":"auto","background-attachment":"scroll","background-type":"","background-media":"","overlay-type":"","overlay-color":"","overlay-opacity":"","overlay-gradient":""},"mobile":{"background-color":"","background-image":"","background-repeat":"repeat","background-position":"center center","background-size":"auto","background-attachment":"scroll","background-type":"","background-media":"","overlay-type":"","overlay-color":"","overlay-opacity":"","overlay-gradient":""}},"ast-content-background-meta":{"desktop":{"background-color":"var(--ast-global-color-5)","background-image":"","background-repeat":"repeat","background-position":"center center","background-size":"auto","background-attachment":"scroll","background-type":"","background-media":"","overlay-type":"","overlay-color":"","overlay-opacity":"","overlay-gradient":""},"tablet":{"background-color":"var(--ast-global-color-5)","background-image":"","background-repeat":"repeat","background-position":"center center","background-size":"auto","background-attachment":"scroll","background-type":"","background-media":"","overlay-type":"","overlay-color":"","overlay-opacity":"","overlay-gradient":""},"mobile":{"background-color":"var(--ast-global-color-5)","background-image":"","background-repeat":"repeat","background-position":"center center","background-size":"auto","background-attachment":"scroll","background-type":"","background-media":"","overlay-type":"","overlay-color":"","overlay-opacity":"","overlay-gradient":""}},"footnotes":""},"class_list":["post-124","page","type-page","status-publish","hentry"],"jetpack_sharing_enabled":true,"_links":{"self":[{"href":"https:\/\/g3m.mx\/home\/index.php\/wp-json\/wp\/v2\/pages\/124","targetHints":{"allow":["GET"]}}],"collection":[{"href":"https:\/\/g3m.mx\/home\/index.php\/wp-json\/wp\/v2\/pages"}],"about":[{"href":"https:\/\/g3m.mx\/home\/index.php\/wp-json\/wp\/v2\/types\/page"}],"author":[{"embeddable":true,"href":"https:\/\/g3m.mx\/home\/index.php\/wp-json\/wp\/v2\/users\/1"}],"replies":[{"embeddable":true,"href":"https:\/\/g3m.mx\/home\/index.php\/wp-json\/wp\/v2\/comments?post=124"}],"version-history":[{"count":7,"href":"https:\/\/g3m.mx\/home\/index.php\/wp-json\/wp\/v2\/pages\/124\/revisions"}],"predecessor-version":[{"id":517,"href":"https:\/\/g3m.mx\/home\/index.php\/wp-json\/wp\/v2\/pages\/124\/revisions\/517"}],"wp:attachment":[{"href":"https:\/\/g3m.mx\/home\/index.php\/wp-json\/wp\/v2\/media?parent=124"}],"curies":[{"name":"wp","href":"https:\/\/api.w.org\/{rel}","templated":true}]}}