{"id":132,"date":"2024-03-21T13:49:26","date_gmt":"2024-03-21T13:49:26","guid":{"rendered":"https:\/\/g3m.mx\/home\/?page_id=132"},"modified":"2024-05-07T03:50:23","modified_gmt":"2024-05-07T03:50:23","slug":"tubo-y-barra","status":"publish","type":"page","link":"https:\/\/g3m.mx\/home\/index.php\/tubo-y-barra\/","title":{"rendered":"Tubo y barra"},"content":{"rendered":"\t\t<div data-elementor-type=\"wp-page\" data-elementor-id=\"132\" class=\"elementor elementor-132\">\n\t\t\t\t<div class=\"elementor-element elementor-element-4809e015 e-flex e-con-boxed e-con e-parent\" data-id=\"4809e015\" data-element_type=\"container\" data-e-type=\"container\">\n\t\t\t\t\t<div class=\"e-con-inner\">\n\t\t\t\t<div class=\"elementor-element elementor-element-6289806f elementor-widget elementor-widget-heading\" data-id=\"6289806f\" data-element_type=\"widget\" data-e-type=\"widget\" data-widget_type=\"heading.default\">\n\t\t\t\t<div class=\"elementor-widget-container\">\n\t\t\t\t\t<h1 class=\"elementor-heading-title elementor-size-default\">Tubo Honeado y Barra Cromada<\/h1>\t\t\t\t<\/div>\n\t\t\t\t<\/div>\n\t\t\t\t\t<\/div>\n\t\t\t\t<\/div>\n\t\t<div class=\"elementor-element elementor-element-415f1177 e-grid e-con-boxed e-con e-parent\" data-id=\"415f1177\" data-element_type=\"container\" data-e-type=\"container\">\n\t\t\t\t\t<div class=\"e-con-inner\">\n\t\t\t\t<div class=\"elementor-element elementor-element-7775df39 elementor-widget elementor-widget-image\" data-id=\"7775df39\" data-element_type=\"widget\" data-e-type=\"widget\" data-widget_type=\"image.default\">\n\t\t\t\t<div class=\"elementor-widget-container\">\n\t\t\t\t\t\t\t\t\t\t\t\t\t\t\t<img fetchpriority=\"high\" decoding=\"async\" width=\"1000\" height=\"1000\" src=\"https:\/\/g3m.mx\/home\/wp-content\/uploads\/2024\/05\/1-6.jpg\" class=\"attachment-large size-large wp-image-322\" alt=\"\" srcset=\"https:\/\/g3m.mx\/home\/wp-content\/uploads\/2024\/05\/1-6.jpg 1000w, https:\/\/g3m.mx\/home\/wp-content\/uploads\/2024\/05\/1-6-300x300.jpg 300w, https:\/\/g3m.mx\/home\/wp-content\/uploads\/2024\/05\/1-6-150x150.jpg 150w, https:\/\/g3m.mx\/home\/wp-content\/uploads\/2024\/05\/1-6-768x768.jpg 768w\" sizes=\"(max-width: 1000px) 100vw, 1000px\" \/>\t\t\t\t\t\t\t\t\t\t\t\t\t\t\t<\/div>\n\t\t\t\t<\/div>\n\t\t\t\t<div class=\"elementor-element elementor-element-334298ae elementor-widget elementor-widget-image\" data-id=\"334298ae\" data-element_type=\"widget\" data-e-type=\"widget\" data-widget_type=\"image.default\">\n\t\t\t\t<div class=\"elementor-widget-container\">\n\t\t\t\t\t\t\t\t\t\t\t\t\t\t\t<img decoding=\"async\" width=\"1000\" height=\"1000\" src=\"https:\/\/g3m.mx\/home\/wp-content\/uploads\/2024\/05\/4-2.jpg\" class=\"attachment-large size-large wp-image-325\" alt=\"\" srcset=\"https:\/\/g3m.mx\/home\/wp-content\/uploads\/2024\/05\/4-2.jpg 1000w, https:\/\/g3m.mx\/home\/wp-content\/uploads\/2024\/05\/4-2-300x300.jpg 300w, https:\/\/g3m.mx\/home\/wp-content\/uploads\/2024\/05\/4-2-150x150.jpg 150w, https:\/\/g3m.mx\/home\/wp-content\/uploads\/2024\/05\/4-2-768x768.jpg 768w\" sizes=\"(max-width: 1000px) 100vw, 1000px\" \/>\t\t\t\t\t\t\t\t\t\t\t\t\t\t\t<\/div>\n\t\t\t\t<\/div>\n\t\t\t\t<div class=\"elementor-element elementor-element-576f534b elementor-widget elementor-widget-image\" data-id=\"576f534b\" data-element_type=\"widget\" data-e-type=\"widget\" data-widget_type=\"image.default\">\n\t\t\t\t<div class=\"elementor-widget-container\">\n\t\t\t\t\t\t\t\t\t\t\t\t\t\t\t<img decoding=\"async\" width=\"1000\" height=\"1000\" src=\"https:\/\/g3m.mx\/home\/wp-content\/uploads\/2024\/05\/3-2.jpg\" class=\"attachment-large size-large wp-image-324\" alt=\"\" srcset=\"https:\/\/g3m.mx\/home\/wp-content\/uploads\/2024\/05\/3-2.jpg 1000w, https:\/\/g3m.mx\/home\/wp-content\/uploads\/2024\/05\/3-2-300x300.jpg 300w, https:\/\/g3m.mx\/home\/wp-content\/uploads\/2024\/05\/3-2-150x150.jpg 150w, https:\/\/g3m.mx\/home\/wp-content\/uploads\/2024\/05\/3-2-768x768.jpg 768w\" sizes=\"(max-width: 1000px) 100vw, 1000px\" \/>\t\t\t\t\t\t\t\t\t\t\t\t\t\t\t<\/div>\n\t\t\t\t<\/div>\n\t\t\t\t<div class=\"elementor-element elementor-element-652c6f6 elementor-widget elementor-widget-image\" data-id=\"652c6f6\" data-element_type=\"widget\" data-e-type=\"widget\" data-widget_type=\"image.default\">\n\t\t\t\t<div class=\"elementor-widget-container\">\n\t\t\t\t\t\t\t\t\t\t\t\t\t\t\t<img loading=\"lazy\" decoding=\"async\" width=\"1000\" height=\"1000\" src=\"https:\/\/g3m.mx\/home\/wp-content\/uploads\/2024\/05\/2-6.jpg\" class=\"attachment-large size-large wp-image-323\" alt=\"\" srcset=\"https:\/\/g3m.mx\/home\/wp-content\/uploads\/2024\/05\/2-6.jpg 1000w, https:\/\/g3m.mx\/home\/wp-content\/uploads\/2024\/05\/2-6-300x300.jpg 300w, https:\/\/g3m.mx\/home\/wp-content\/uploads\/2024\/05\/2-6-150x150.jpg 150w, https:\/\/g3m.mx\/home\/wp-content\/uploads\/2024\/05\/2-6-768x768.jpg 768w\" sizes=\"(max-width: 1000px) 100vw, 1000px\" \/>\t\t\t\t\t\t\t\t\t\t\t\t\t\t\t<\/div>\n\t\t\t\t<\/div>\n\t\t\t\t\t<\/div>\n\t\t\t\t<\/div>\n\t\t<div class=\"elementor-element elementor-element-43da40d2 e-flex e-con-boxed e-con e-parent\" data-id=\"43da40d2\" data-element_type=\"container\" data-e-type=\"container\">\n\t\t\t\t\t<div class=\"e-con-inner\">\n\t\t\t\t<div class=\"elementor-element elementor-element-5582ea69 elementor-widget elementor-widget-text-editor\" data-id=\"5582ea69\" data-element_type=\"widget\" data-e-type=\"widget\" data-widget_type=\"text-editor.default\">\n\t\t\t\t<div class=\"elementor-widget-container\">\n\t\t\t\t\t\t\t\t\t<p>Nuestros Tubos Honeados y Barras Cromadas son fundamentales para garantizar el <b>funcionamiento suave y eficiente de cilindros hidr\u00e1ulicos y otros mecanismos de precisi\u00f3n.<\/b><\/p><p><strong>Tubo Honeado<\/strong>: Fabricados con t\u00e9cnicas de honado de precisi\u00f3n, nuestros tubos ofrecen superficies internas extremadamente lisas y uniformes, esenciales para <b>minimizar la fricci\u00f3n y el desgaste<\/b> en cilindros hidr\u00e1ulicos. Esto resulta en un rendimiento m\u00e1s eficiente y una mayor vida \u00fatil de los componentes.<\/p><p><strong>Barra Cromada<\/strong>: Nuestras barras cromadas se caracterizan por su <b>alta resistencia a la corrosi\u00f3n y excelente durabilidad. <\/b>El acabado cromado no solo mejora la est\u00e9tica del componente, sino que tambi\u00e9n proporciona una resistencia superior contra el desgaste y la oxidaci\u00f3n, asegurando una operaci\u00f3n continua y confiable.<\/p><p>Juntos, el Tubo Honeado y la Barra Cromada forman una combinaci\u00f3n ideal para cualquier aplicaci\u00f3n que requiera movimientos precisos y una resistencia excepcional a condiciones adversas. Con estos componentes de G3M, eleva la eficacia de tus sistemas hidr\u00e1ulicos a nuevos est\u00e1ndares de excelencia.<\/p>\t\t\t\t\t\t\t\t<\/div>\n\t\t\t\t<\/div>\n\t\t\t\t\t<\/div>\n\t\t\t\t<\/div>\n\t\t<div class=\"elementor-element elementor-element-6d2340bd e-flex e-con-boxed e-con e-parent\" data-id=\"6d2340bd\" data-element_type=\"container\" data-e-type=\"container\">\n\t\t\t\t\t<div class=\"e-con-inner\">\n\t\t\t\t<div class=\"elementor-element elementor-element-2d880278 elementor-widget-divider--view-line elementor-widget elementor-widget-divider\" data-id=\"2d880278\" data-element_type=\"widget\" data-e-type=\"widget\" data-widget_type=\"divider.default\">\n\t\t\t\t<div class=\"elementor-widget-container\">\n\t\t\t\t\t\t\t<div class=\"elementor-divider\">\n\t\t\t<span class=\"elementor-divider-separator\">\n\t\t\t\t\t\t<\/span>\n\t\t<\/div>\n\t\t\t\t\t\t<\/div>\n\t\t\t\t<\/div>\n\t\t\t\t\t<\/div>\n\t\t\t\t<\/div>\n\t\t<div class=\"elementor-element elementor-element-74aa050f e-flex e-con-boxed e-con e-parent\" data-id=\"74aa050f\" data-element_type=\"container\" data-e-type=\"container\">\n\t\t\t\t\t<div class=\"e-con-inner\">\n\t\t\t\t<div class=\"elementor-element elementor-element-4b1ea814 elementor-widget elementor-widget-text-editor\" data-id=\"4b1ea814\" data-element_type=\"widget\" data-e-type=\"widget\" data-widget_type=\"text-editor.default\">\n\t\t\t\t<div class=\"elementor-widget-container\">\n\t\t\t\t\t\t\t\t\t<h3><strong>Conoce la variedad que manejamos:<\/strong><\/h3><table dir=\"ltr\" border=\"1\" cellspacing=\"0\" cellpadding=\"0\" data-sheets-root=\"1\"><colgroup><col width=\"212\" \/><\/colgroup><tbody><tr><td data-sheets-value=\"{&quot;1&quot;:2,&quot;2&quot;:&quot;Tubo honeado&quot;}\">Tubo honeado (medidas en pulgadas y mil\u00edmetros)<\/td><\/tr><tr><td data-sheets-value=\"{&quot;1&quot;:2,&quot;2&quot;:&quot;Barra cromada -Acero 1045&quot;}\">Barra cromada &#8211; Acero 1045 (medidas el pulgadas y mil\u00edmetros)<\/td><\/tr><\/tbody><\/table>\t\t\t\t\t\t\t\t<\/div>\n\t\t\t\t<\/div>\n\t\t\t\t\t<\/div>\n\t\t\t\t<\/div>\n\t\t<div class=\"elementor-element elementor-element-4623f470 e-grid e-con-boxed e-con e-parent\" data-id=\"4623f470\" data-element_type=\"container\" data-e-type=\"container\" data-settings=\"{&quot;background_background&quot;:&quot;classic&quot;}\">\n\t\t\t\t\t<div class=\"e-con-inner\">\n\t\t\t\t<div class=\"elementor-element elementor-element-38dd40ad elementor-widget elementor-widget-heading\" data-id=\"38dd40ad\" data-element_type=\"widget\" data-e-type=\"widget\" data-widget_type=\"heading.default\">\n\t\t\t\t<div class=\"elementor-widget-container\">\n\t\t\t\t\t<h2 class=\"elementor-heading-title elementor-size-default\">El cat\u00e1logo m\u00e1s amplio del sureste.<\/h2>\t\t\t\t<\/div>\n\t\t\t\t<\/div>\n\t\t\t\t<div class=\"elementor-element elementor-element-4c19905d elementor-align-center elementor-widget elementor-widget-button\" data-id=\"4c19905d\" data-element_type=\"widget\" data-e-type=\"widget\" data-widget_type=\"button.default\">\n\t\t\t\t<div class=\"elementor-widget-container\">\n\t\t\t\t\t\t\t\t\t<div class=\"elementor-button-wrapper\">\n\t\t\t\t\t<a class=\"elementor-button elementor-button-link elementor-size-sm\" href=\"https:\/\/g3m.mx\/home\/index.php\/catalogo\/\">\n\t\t\t\t\t\t<span class=\"elementor-button-content-wrapper\">\n\t\t\t\t\t\t\t\t\t<span class=\"elementor-button-text\">Ir a Productos<\/span>\n\t\t\t\t\t<\/span>\n\t\t\t\t\t<\/a>\n\t\t\t\t<\/div>\n\t\t\t\t\t\t\t\t<\/div>\n\t\t\t\t<\/div>\n\t\t\t\t\t<\/div>\n\t\t\t\t<\/div>\n\t\t\t\t<\/div>\n\t\t","protected":false},"excerpt":{"rendered":"<p>Tubo Honeado y Barra Cromada Nuestros Tubos Honeados y Barras Cromadas son fundamentales para garantizar el funcionamiento suave y eficiente de cilindros hidr\u00e1ulicos y otros mecanismos de precisi\u00f3n. Tubo Honeado: Fabricados con t\u00e9cnicas de honado de precisi\u00f3n, nuestros tubos ofrecen superficies internas extremadamente lisas y uniformes, esenciales para minimizar la fricci\u00f3n y el desgaste en [&hellip;]<\/p>\n","protected":false},"author":1,"featured_media":0,"parent":0,"menu_order":0,"comment_status":"closed","ping_status":"closed","template":"","meta":{"site-sidebar-layout":"no-sidebar","site-content-layout":"","ast-site-content-layout":"full-width-container","site-content-style":"default","site-sidebar-style":"default","ast-global-header-display":"","ast-banner-title-visibility":"","ast-main-header-display":"","ast-hfb-above-header-display":"","ast-hfb-below-header-display":"","ast-hfb-mobile-header-display":"","site-post-title":"disabled","ast-breadcrumbs-content":"","ast-featured-img":"disabled","footer-sml-layout":"","theme-transparent-header-meta":"","adv-header-id-meta":"","stick-header-meta":"","header-above-stick-meta":"","header-main-stick-meta":"","header-below-stick-meta":"","astra-migrate-meta-layouts":"default","ast-page-background-enabled":"default","ast-page-background-meta":{"desktop":{"background-color":"var(--ast-global-color-4)","background-image":"","background-repeat":"repeat","background-position":"center center","background-size":"auto","background-attachment":"scroll","background-type":"","background-media":"","overlay-type":"","overlay-color":"","overlay-opacity":"","overlay-gradient":""},"tablet":{"background-color":"","background-image":"","background-repeat":"repeat","background-position":"center center","background-size":"auto","background-attachment":"scroll","background-type":"","background-media":"","overlay-type":"","overlay-color":"","overlay-opacity":"","overlay-gradient":""},"mobile":{"background-color":"","background-image":"","background-repeat":"repeat","background-position":"center center","background-size":"auto","background-attachment":"scroll","background-type":"","background-media":"","overlay-type":"","overlay-color":"","overlay-opacity":"","overlay-gradient":""}},"ast-content-background-meta":{"desktop":{"background-color":"var(--ast-global-color-5)","background-image":"","background-repeat":"repeat","background-position":"center center","background-size":"auto","background-attachment":"scroll","background-type":"","background-media":"","overlay-type":"","overlay-color":"","overlay-opacity":"","overlay-gradient":""},"tablet":{"background-color":"var(--ast-global-color-5)","background-image":"","background-repeat":"repeat","background-position":"center center","background-size":"auto","background-attachment":"scroll","background-type":"","background-media":"","overlay-type":"","overlay-color":"","overlay-opacity":"","overlay-gradient":""},"mobile":{"background-color":"var(--ast-global-color-5)","background-image":"","background-repeat":"repeat","background-position":"center center","background-size":"auto","background-attachment":"scroll","background-type":"","background-media":"","overlay-type":"","overlay-color":"","overlay-opacity":"","overlay-gradient":""}},"footnotes":""},"class_list":["post-132","page","type-page","status-publish","hentry"],"jetpack_sharing_enabled":true,"_links":{"self":[{"href":"https:\/\/g3m.mx\/home\/index.php\/wp-json\/wp\/v2\/pages\/132","targetHints":{"allow":["GET"]}}],"collection":[{"href":"https:\/\/g3m.mx\/home\/index.php\/wp-json\/wp\/v2\/pages"}],"about":[{"href":"https:\/\/g3m.mx\/home\/index.php\/wp-json\/wp\/v2\/types\/page"}],"author":[{"embeddable":true,"href":"https:\/\/g3m.mx\/home\/index.php\/wp-json\/wp\/v2\/users\/1"}],"replies":[{"embeddable":true,"href":"https:\/\/g3m.mx\/home\/index.php\/wp-json\/wp\/v2\/comments?post=132"}],"version-history":[{"count":4,"href":"https:\/\/g3m.mx\/home\/index.php\/wp-json\/wp\/v2\/pages\/132\/revisions"}],"predecessor-version":[{"id":328,"href":"https:\/\/g3m.mx\/home\/index.php\/wp-json\/wp\/v2\/pages\/132\/revisions\/328"}],"wp:attachment":[{"href":"https:\/\/g3m.mx\/home\/index.php\/wp-json\/wp\/v2\/media?parent=132"}],"curies":[{"name":"wp","href":"https:\/\/api.w.org\/{rel}","templated":true}]}}