{"id":87,"date":"2024-03-21T13:38:38","date_gmt":"2024-03-21T13:38:38","guid":{"rendered":"https:\/\/g3m.mx\/home\/?page_id=87"},"modified":"2024-05-07T16:12:56","modified_gmt":"2024-05-07T16:12:56","slug":"orings-cordones-y-respaldos","status":"publish","type":"page","link":"https:\/\/g3m.mx\/home\/index.php\/orings-cordones-y-respaldos\/","title":{"rendered":"Orings, cordones y respaldos"},"content":{"rendered":"\t\t<div data-elementor-type=\"wp-page\" data-elementor-id=\"87\" class=\"elementor elementor-87\">\n\t\t\t\t<div class=\"elementor-element elementor-element-799b533d e-flex e-con-boxed e-con e-parent\" data-id=\"799b533d\" data-element_type=\"container\" data-e-type=\"container\">\n\t\t\t\t\t<div class=\"e-con-inner\">\n\t\t\t\t<div class=\"elementor-element elementor-element-316caeb1 elementor-widget elementor-widget-heading\" data-id=\"316caeb1\" data-element_type=\"widget\" data-e-type=\"widget\" data-widget_type=\"heading.default\">\n\t\t\t\t<div class=\"elementor-widget-container\">\n\t\t\t\t\t<h1 class=\"elementor-heading-title elementor-size-default\">Orings, cordones y respaldos<\/h1>\t\t\t\t<\/div>\n\t\t\t\t<\/div>\n\t\t\t\t\t<\/div>\n\t\t\t\t<\/div>\n\t\t<div class=\"elementor-element elementor-element-2e14a1f0 e-flex e-con-boxed e-con e-parent\" data-id=\"2e14a1f0\" data-element_type=\"container\" data-e-type=\"container\">\n\t\t\t\t\t<div class=\"e-con-inner\">\n\t\t\t\t<div class=\"elementor-element elementor-element-5f6c3483 elementor-widget elementor-widget-text-editor\" data-id=\"5f6c3483\" data-element_type=\"widget\" data-e-type=\"widget\" data-widget_type=\"text-editor.default\">\n\t\t\t\t<div class=\"elementor-widget-container\">\n\t\t\t\t\t\t\t\t\t<h3><strong>Soluciones de Sellado Integral para Todas las Aplicaciones<\/strong>:<\/h3>\n<p>En G3M, nuestra categor\u00eda de O&#8217;Rings, Cordones y Respaldos ofrece una gama completa de soluciones de sellado dise\u00f1adas para cumplir con los requerimientos de diversas aplicaciones industriales.<\/p>\n<p>Esta gama de productos asegura que puedas encontrar la soluci\u00f3n de sellado adecuada, independientemente del desaf\u00edo t\u00e9cnico o ambiental que enfrentes.<\/p>\n<p>Con los productos de sellado de G3M, maximiza la eficiencia operativa y prolonga la vida \u00fatil de tus equipos.<\/p>\t\t\t\t\t\t\t\t<\/div>\n\t\t\t\t<\/div>\n\t\t\t\t\t<\/div>\n\t\t\t\t<\/div>\n\t\t<div class=\"elementor-element elementor-element-6a90fd05 e-flex e-con-boxed e-con e-parent\" data-id=\"6a90fd05\" data-element_type=\"container\" data-e-type=\"container\">\n\t\t\t\t\t<div class=\"e-con-inner\">\n\t\t\t\t<div class=\"elementor-element elementor-element-3749d663 elementor-widget-divider--view-line elementor-widget elementor-widget-divider\" data-id=\"3749d663\" data-element_type=\"widget\" data-e-type=\"widget\" data-widget_type=\"divider.default\">\n\t\t\t\t<div class=\"elementor-widget-container\">\n\t\t\t\t\t\t\t<div class=\"elementor-divider\">\n\t\t\t<span class=\"elementor-divider-separator\">\n\t\t\t\t\t\t<\/span>\n\t\t<\/div>\n\t\t\t\t\t\t<\/div>\n\t\t\t\t<\/div>\n\t\t\t\t<div class=\"elementor-element elementor-element-709ddb1 elementor-widget elementor-widget-heading\" data-id=\"709ddb1\" data-element_type=\"widget\" data-e-type=\"widget\" data-widget_type=\"heading.default\">\n\t\t\t\t<div class=\"elementor-widget-container\">\n\t\t\t\t\t<p class=\"elementor-heading-title elementor-size-default\"><b>Ir a la categor\u00eda:<\/b><\/p>\t\t\t\t<\/div>\n\t\t\t\t<\/div>\n\t\t\t\t\t<\/div>\n\t\t\t\t<\/div>\n\t\t<div class=\"elementor-element elementor-element-616c17e e-grid e-con-boxed e-con e-parent\" data-id=\"616c17e\" data-element_type=\"container\" data-e-type=\"container\">\n\t\t\t\t\t<div class=\"e-con-inner\">\n\t\t\t\t<div class=\"elementor-element elementor-element-3eb5bae0 elementor-widget elementor-widget-image\" data-id=\"3eb5bae0\" data-element_type=\"widget\" data-e-type=\"widget\" data-widget_type=\"image.default\">\n\t\t\t\t<div class=\"elementor-widget-container\">\n\t\t\t\t\t\t\t\t\t\t\t\t\t\t\t\t<a href=\"https:\/\/g3m.mx\/home\/index.php\/back-ups\/\">\n\t\t\t\t\t\t\t<img fetchpriority=\"high\" decoding=\"async\" width=\"1024\" height=\"576\" src=\"https:\/\/g3m.mx\/home\/wp-content\/uploads\/2024\/05\/1-8-1024x576.jpg\" class=\"attachment-large size-large wp-image-367\" alt=\"\" srcset=\"https:\/\/g3m.mx\/home\/wp-content\/uploads\/2024\/05\/1-8-1024x576.jpg 1024w, https:\/\/g3m.mx\/home\/wp-content\/uploads\/2024\/05\/1-8-300x169.jpg 300w, https:\/\/g3m.mx\/home\/wp-content\/uploads\/2024\/05\/1-8-768x432.jpg 768w, https:\/\/g3m.mx\/home\/wp-content\/uploads\/2024\/05\/1-8-1536x864.jpg 1536w, https:\/\/g3m.mx\/home\/wp-content\/uploads\/2024\/05\/1-8.jpg 1920w\" sizes=\"(max-width: 1024px) 100vw, 1024px\" \/>\t\t\t\t\t\t\t\t<\/a>\n\t\t\t\t\t\t\t\t\t\t\t\t\t\t\t<\/div>\n\t\t\t\t<\/div>\n\t\t\t\t<div class=\"elementor-element elementor-element-5dc0e71e elementor-widget elementor-widget-image\" data-id=\"5dc0e71e\" data-element_type=\"widget\" data-e-type=\"widget\" data-widget_type=\"image.default\">\n\t\t\t\t<div class=\"elementor-widget-container\">\n\t\t\t\t\t\t\t\t\t\t\t\t\t\t\t\t<a href=\"https:\/\/g3m.mx\/home\/index.php\/orings\/\">\n\t\t\t\t\t\t\t<img decoding=\"async\" width=\"1024\" height=\"576\" src=\"https:\/\/g3m.mx\/home\/wp-content\/uploads\/2024\/05\/3-4-1024x576.jpg\" class=\"attachment-large size-large wp-image-369\" alt=\"\" srcset=\"https:\/\/g3m.mx\/home\/wp-content\/uploads\/2024\/05\/3-4-1024x576.jpg 1024w, https:\/\/g3m.mx\/home\/wp-content\/uploads\/2024\/05\/3-4-300x169.jpg 300w, https:\/\/g3m.mx\/home\/wp-content\/uploads\/2024\/05\/3-4-768x432.jpg 768w, https:\/\/g3m.mx\/home\/wp-content\/uploads\/2024\/05\/3-4-1536x864.jpg 1536w, https:\/\/g3m.mx\/home\/wp-content\/uploads\/2024\/05\/3-4.jpg 1920w\" sizes=\"(max-width: 1024px) 100vw, 1024px\" \/>\t\t\t\t\t\t\t\t<\/a>\n\t\t\t\t\t\t\t\t\t\t\t\t\t\t\t<\/div>\n\t\t\t\t<\/div>\n\t\t\t\t<div class=\"elementor-element elementor-element-5b5496e2 elementor-widget elementor-widget-image\" data-id=\"5b5496e2\" data-element_type=\"widget\" data-e-type=\"widget\" data-widget_type=\"image.default\">\n\t\t\t\t<div class=\"elementor-widget-container\">\n\t\t\t\t\t\t\t\t\t\t\t\t\t\t\t\t<a href=\"https:\/\/g3m.mx\/home\/index.php\/cordones\/\">\n\t\t\t\t\t\t\t<img decoding=\"async\" width=\"1024\" height=\"576\" src=\"https:\/\/g3m.mx\/home\/wp-content\/uploads\/2024\/05\/2-8-1024x576.jpg\" class=\"attachment-large size-large wp-image-368\" alt=\"\" srcset=\"https:\/\/g3m.mx\/home\/wp-content\/uploads\/2024\/05\/2-8-1024x576.jpg 1024w, https:\/\/g3m.mx\/home\/wp-content\/uploads\/2024\/05\/2-8-300x169.jpg 300w, https:\/\/g3m.mx\/home\/wp-content\/uploads\/2024\/05\/2-8-768x432.jpg 768w, https:\/\/g3m.mx\/home\/wp-content\/uploads\/2024\/05\/2-8-1536x864.jpg 1536w, https:\/\/g3m.mx\/home\/wp-content\/uploads\/2024\/05\/2-8.jpg 1920w\" sizes=\"(max-width: 1024px) 100vw, 1024px\" \/>\t\t\t\t\t\t\t\t<\/a>\n\t\t\t\t\t\t\t\t\t\t\t\t\t\t\t<\/div>\n\t\t\t\t<\/div>\n\t\t\t\t<div class=\"elementor-element elementor-element-7157189f elementor-widget elementor-widget-image\" data-id=\"7157189f\" data-element_type=\"widget\" data-e-type=\"widget\" data-widget_type=\"image.default\">\n\t\t\t\t<div class=\"elementor-widget-container\">\n\t\t\t\t\t\t\t\t\t\t\t\t\t\t\t\t<a href=\"https:\/\/g3m.mx\/home\/index.php\/cuadra-rings\/\">\n\t\t\t\t\t\t\t<img loading=\"lazy\" decoding=\"async\" width=\"1024\" height=\"576\" src=\"https:\/\/g3m.mx\/home\/wp-content\/uploads\/2024\/05\/4-4-1024x576.jpg\" class=\"attachment-large size-large wp-image-370\" alt=\"\" srcset=\"https:\/\/g3m.mx\/home\/wp-content\/uploads\/2024\/05\/4-4-1024x576.jpg 1024w, https:\/\/g3m.mx\/home\/wp-content\/uploads\/2024\/05\/4-4-300x169.jpg 300w, https:\/\/g3m.mx\/home\/wp-content\/uploads\/2024\/05\/4-4-768x432.jpg 768w, https:\/\/g3m.mx\/home\/wp-content\/uploads\/2024\/05\/4-4-1536x864.jpg 1536w, https:\/\/g3m.mx\/home\/wp-content\/uploads\/2024\/05\/4-4.jpg 1920w\" sizes=\"(max-width: 1024px) 100vw, 1024px\" \/>\t\t\t\t\t\t\t\t<\/a>\n\t\t\t\t\t\t\t\t\t\t\t\t\t\t\t<\/div>\n\t\t\t\t<\/div>\n\t\t\t\t<div class=\"elementor-element elementor-element-12f6a18 elementor-widget elementor-widget-image\" data-id=\"12f6a18\" data-element_type=\"widget\" data-e-type=\"widget\" data-widget_type=\"image.default\">\n\t\t\t\t<div class=\"elementor-widget-container\">\n\t\t\t\t\t\t\t\t\t\t\t\t\t\t\t\t<a href=\"https:\/\/g3m.mx\/home\/index.php\/estuches-de-sellos\/\">\n\t\t\t\t\t\t\t<img loading=\"lazy\" decoding=\"async\" width=\"1024\" height=\"576\" src=\"https:\/\/g3m.mx\/home\/wp-content\/uploads\/2024\/05\/5-1-1024x576.jpg\" class=\"attachment-large size-large wp-image-371\" alt=\"\" srcset=\"https:\/\/g3m.mx\/home\/wp-content\/uploads\/2024\/05\/5-1-1024x576.jpg 1024w, https:\/\/g3m.mx\/home\/wp-content\/uploads\/2024\/05\/5-1-300x169.jpg 300w, https:\/\/g3m.mx\/home\/wp-content\/uploads\/2024\/05\/5-1-768x432.jpg 768w, https:\/\/g3m.mx\/home\/wp-content\/uploads\/2024\/05\/5-1-1536x864.jpg 1536w, https:\/\/g3m.mx\/home\/wp-content\/uploads\/2024\/05\/5-1.jpg 1920w\" sizes=\"(max-width: 1024px) 100vw, 1024px\" \/>\t\t\t\t\t\t\t\t<\/a>\n\t\t\t\t\t\t\t\t\t\t\t\t\t\t\t<\/div>\n\t\t\t\t<\/div>\n\t\t\t\t\t<\/div>\n\t\t\t\t<\/div>\n\t\t<div class=\"elementor-element elementor-element-2394af4f e-grid e-con-boxed e-con e-parent\" data-id=\"2394af4f\" data-element_type=\"container\" data-e-type=\"container\" data-settings=\"{&quot;background_background&quot;:&quot;classic&quot;}\">\n\t\t\t\t\t<div class=\"e-con-inner\">\n\t\t\t\t<div class=\"elementor-element elementor-element-47e336cd elementor-widget elementor-widget-heading\" data-id=\"47e336cd\" data-element_type=\"widget\" data-e-type=\"widget\" data-widget_type=\"heading.default\">\n\t\t\t\t<div class=\"elementor-widget-container\">\n\t\t\t\t\t<h2 class=\"elementor-heading-title elementor-size-default\">Conoce nuestro cat\u00e1logo completo:<\/h2>\t\t\t\t<\/div>\n\t\t\t\t<\/div>\n\t\t\t\t<div class=\"elementor-element elementor-element-71d56879 elementor-align-center elementor-widget elementor-widget-button\" data-id=\"71d56879\" data-element_type=\"widget\" data-e-type=\"widget\" data-widget_type=\"button.default\">\n\t\t\t\t<div class=\"elementor-widget-container\">\n\t\t\t\t\t\t\t\t\t<div class=\"elementor-button-wrapper\">\n\t\t\t\t\t<a class=\"elementor-button elementor-button-link elementor-size-sm\" href=\"https:\/\/g3m.mx\/home\/index.php\/catalogo\/\">\n\t\t\t\t\t\t<span class=\"elementor-button-content-wrapper\">\n\t\t\t\t\t\t\t\t\t<span class=\"elementor-button-text\">Ir a Productos<\/span>\n\t\t\t\t\t<\/span>\n\t\t\t\t\t<\/a>\n\t\t\t\t<\/div>\n\t\t\t\t\t\t\t\t<\/div>\n\t\t\t\t<\/div>\n\t\t\t\t\t<\/div>\n\t\t\t\t<\/div>\n\t\t\t\t<\/div>\n\t\t","protected":false},"excerpt":{"rendered":"<p>Orings, cordones y respaldos Soluciones de Sellado Integral para Todas las Aplicaciones: En G3M, nuestra categor\u00eda de O&#8217;Rings, Cordones y Respaldos ofrece una gama completa de soluciones de sellado dise\u00f1adas para cumplir con los requerimientos de diversas aplicaciones industriales. Esta gama de productos asegura que puedas encontrar la soluci\u00f3n de sellado adecuada, independientemente del desaf\u00edo [&hellip;]<\/p>\n","protected":false},"author":1,"featured_media":0,"parent":0,"menu_order":0,"comment_status":"closed","ping_status":"closed","template":"","meta":{"site-sidebar-layout":"no-sidebar","site-content-layout":"","ast-site-content-layout":"full-width-container","site-content-style":"default","site-sidebar-style":"default","ast-global-header-display":"","ast-banner-title-visibility":"","ast-main-header-display":"","ast-hfb-above-header-display":"","ast-hfb-below-header-display":"","ast-hfb-mobile-header-display":"","site-post-title":"disabled","ast-breadcrumbs-content":"","ast-featured-img":"disabled","footer-sml-layout":"","theme-transparent-header-meta":"","adv-header-id-meta":"","stick-header-meta":"","header-above-stick-meta":"","header-main-stick-meta":"","header-below-stick-meta":"","astra-migrate-meta-layouts":"default","ast-page-background-enabled":"default","ast-page-background-meta":{"desktop":{"background-color":"var(--ast-global-color-4)","background-image":"","background-repeat":"repeat","background-position":"center center","background-size":"auto","background-attachment":"scroll","background-type":"","background-media":"","overlay-type":"","overlay-color":"","overlay-opacity":"","overlay-gradient":""},"tablet":{"background-color":"","background-image":"","background-repeat":"repeat","background-position":"center center","background-size":"auto","background-attachment":"scroll","background-type":"","background-media":"","overlay-type":"","overlay-color":"","overlay-opacity":"","overlay-gradient":""},"mobile":{"background-color":"","background-image":"","background-repeat":"repeat","background-position":"center center","background-size":"auto","background-attachment":"scroll","background-type":"","background-media":"","overlay-type":"","overlay-color":"","overlay-opacity":"","overlay-gradient":""}},"ast-content-background-meta":{"desktop":{"background-color":"var(--ast-global-color-5)","background-image":"","background-repeat":"repeat","background-position":"center center","background-size":"auto","background-attachment":"scroll","background-type":"","background-media":"","overlay-type":"","overlay-color":"","overlay-opacity":"","overlay-gradient":""},"tablet":{"background-color":"var(--ast-global-color-5)","background-image":"","background-repeat":"repeat","background-position":"center center","background-size":"auto","background-attachment":"scroll","background-type":"","background-media":"","overlay-type":"","overlay-color":"","overlay-opacity":"","overlay-gradient":""},"mobile":{"background-color":"var(--ast-global-color-5)","background-image":"","background-repeat":"repeat","background-position":"center center","background-size":"auto","background-attachment":"scroll","background-type":"","background-media":"","overlay-type":"","overlay-color":"","overlay-opacity":"","overlay-gradient":""}},"footnotes":""},"class_list":["post-87","page","type-page","status-publish","hentry"],"jetpack_sharing_enabled":true,"_links":{"self":[{"href":"https:\/\/g3m.mx\/home\/index.php\/wp-json\/wp\/v2\/pages\/87","targetHints":{"allow":["GET"]}}],"collection":[{"href":"https:\/\/g3m.mx\/home\/index.php\/wp-json\/wp\/v2\/pages"}],"about":[{"href":"https:\/\/g3m.mx\/home\/index.php\/wp-json\/wp\/v2\/types\/page"}],"author":[{"embeddable":true,"href":"https:\/\/g3m.mx\/home\/index.php\/wp-json\/wp\/v2\/users\/1"}],"replies":[{"embeddable":true,"href":"https:\/\/g3m.mx\/home\/index.php\/wp-json\/wp\/v2\/comments?post=87"}],"version-history":[{"count":11,"href":"https:\/\/g3m.mx\/home\/index.php\/wp-json\/wp\/v2\/pages\/87\/revisions"}],"predecessor-version":[{"id":392,"href":"https:\/\/g3m.mx\/home\/index.php\/wp-json\/wp\/v2\/pages\/87\/revisions\/392"}],"wp:attachment":[{"href":"https:\/\/g3m.mx\/home\/index.php\/wp-json\/wp\/v2\/media?parent=87"}],"curies":[{"name":"wp","href":"https:\/\/api.w.org\/{rel}","templated":true}]}}