{"id":89,"date":"2024-03-21T13:38:59","date_gmt":"2024-03-21T13:38:59","guid":{"rendered":"https:\/\/g3m.mx\/home\/?page_id=89"},"modified":"2024-04-09T17:03:27","modified_gmt":"2024-04-09T17:03:27","slug":"back-ups","status":"publish","type":"page","link":"https:\/\/g3m.mx\/home\/index.php\/back-ups\/","title":{"rendered":"Back Ups"},"content":{"rendered":"\t\t<div data-elementor-type=\"wp-page\" data-elementor-id=\"89\" class=\"elementor elementor-89\">\n\t\t\t\t<div class=\"elementor-element elementor-element-1b99627a e-flex e-con-boxed e-con e-parent\" data-id=\"1b99627a\" data-element_type=\"container\" data-e-type=\"container\">\n\t\t\t\t\t<div class=\"e-con-inner\">\n\t\t\t\t<div class=\"elementor-element elementor-element-3d780903 elementor-widget elementor-widget-heading\" data-id=\"3d780903\" data-element_type=\"widget\" data-e-type=\"widget\" data-widget_type=\"heading.default\">\n\t\t\t\t<div class=\"elementor-widget-container\">\n\t\t\t\t\t<h1 class=\"elementor-heading-title elementor-size-default\">Backups \/ Respaldos<\/h1>\t\t\t\t<\/div>\n\t\t\t\t<\/div>\n\t\t\t\t\t<\/div>\n\t\t\t\t<\/div>\n\t\t<div class=\"elementor-element elementor-element-4dd56d80 e-grid e-con-boxed e-con e-parent\" data-id=\"4dd56d80\" data-element_type=\"container\" data-e-type=\"container\">\n\t\t\t\t\t<div class=\"e-con-inner\">\n\t\t\t\t<div class=\"elementor-element elementor-element-53f7ac5c elementor-widget elementor-widget-image\" data-id=\"53f7ac5c\" data-element_type=\"widget\" data-e-type=\"widget\" data-widget_type=\"image.default\">\n\t\t\t\t<div class=\"elementor-widget-container\">\n\t\t\t\t\t\t\t\t\t\t\t\t\t\t\t<img fetchpriority=\"high\" decoding=\"async\" width=\"1000\" height=\"1000\" src=\"https:\/\/g3m.mx\/home\/wp-content\/uploads\/2024\/04\/2.jpg\" class=\"attachment-large size-large wp-image-205\" alt=\"\" srcset=\"https:\/\/g3m.mx\/home\/wp-content\/uploads\/2024\/04\/2.jpg 1000w, https:\/\/g3m.mx\/home\/wp-content\/uploads\/2024\/04\/2-300x300.jpg 300w, https:\/\/g3m.mx\/home\/wp-content\/uploads\/2024\/04\/2-150x150.jpg 150w, https:\/\/g3m.mx\/home\/wp-content\/uploads\/2024\/04\/2-768x768.jpg 768w\" sizes=\"(max-width: 1000px) 100vw, 1000px\" \/>\t\t\t\t\t\t\t\t\t\t\t\t\t\t\t<\/div>\n\t\t\t\t<\/div>\n\t\t\t\t<div class=\"elementor-element elementor-element-33afc400 elementor-widget elementor-widget-image\" data-id=\"33afc400\" data-element_type=\"widget\" data-e-type=\"widget\" data-widget_type=\"image.default\">\n\t\t\t\t<div class=\"elementor-widget-container\">\n\t\t\t\t\t\t\t\t\t\t\t\t\t\t\t<img decoding=\"async\" width=\"1000\" height=\"1000\" src=\"https:\/\/g3m.mx\/home\/wp-content\/uploads\/2024\/04\/1.jpg\" class=\"attachment-large size-large wp-image-206\" alt=\"\" srcset=\"https:\/\/g3m.mx\/home\/wp-content\/uploads\/2024\/04\/1.jpg 1000w, https:\/\/g3m.mx\/home\/wp-content\/uploads\/2024\/04\/1-300x300.jpg 300w, https:\/\/g3m.mx\/home\/wp-content\/uploads\/2024\/04\/1-150x150.jpg 150w, https:\/\/g3m.mx\/home\/wp-content\/uploads\/2024\/04\/1-768x768.jpg 768w\" sizes=\"(max-width: 1000px) 100vw, 1000px\" \/>\t\t\t\t\t\t\t\t\t\t\t\t\t\t\t<\/div>\n\t\t\t\t<\/div>\n\t\t\t\t\t<\/div>\n\t\t\t\t<\/div>\n\t\t<div class=\"elementor-element elementor-element-5b16572 e-flex e-con-boxed e-con e-parent\" data-id=\"5b16572\" data-element_type=\"container\" data-e-type=\"container\">\n\t\t\t\t\t<div class=\"e-con-inner\">\n\t\t\t\t<div class=\"elementor-element elementor-element-21302e0 elementor-widget elementor-widget-text-editor\" data-id=\"21302e0\" data-element_type=\"widget\" data-e-type=\"widget\" data-widget_type=\"text-editor.default\">\n\t\t\t\t<div class=\"elementor-widget-container\">\n\t\t\t\t\t\t\t\t\t<p><strong>Back Ups: El Soporte Duradero para Tus Sellos y Cojinetes<\/strong>: Nuestros Back Ups son la l\u00ednea de defensa que prolonga la eficiencia y vida \u00fatil de tus equipos. Fabricados con avanzados materiales termopl\u00e1sticos y reforzados internamente, est\u00e1n dise\u00f1ados para soportar y distribuir uniformemente las cargas extremas. Su uso es esencial para prevenir deformaciones y evitar el exceso de fricci\u00f3n, lo cual es crucial en sistemas de alta presi\u00f3n.<\/p><p>La ingenier\u00eda de nuestros Back Ups asegura una integraci\u00f3n perfecta con tus sellos y cojinetes, ofreciendo una soluci\u00f3n robusta ante las condiciones m\u00e1s desafiantes. Con G3M, te beneficias de componentes que no solo sirven como una simple pieza de soporte, sino como una inversi\u00f3n en la durabilidad y productividad de tu maquinaria. Opta por nuestros Back Ups y siente la tranquilidad de saber que <b>tus equipos operar\u00e1n con la m\u00e1xima eficiencia posible.<\/b><\/p>\t\t\t\t\t\t\t\t<\/div>\n\t\t\t\t<\/div>\n\t\t\t\t\t<\/div>\n\t\t\t\t<\/div>\n\t\t<div class=\"elementor-element elementor-element-3033877f e-flex e-con-boxed e-con e-parent\" data-id=\"3033877f\" data-element_type=\"container\" data-e-type=\"container\">\n\t\t\t\t\t<div class=\"e-con-inner\">\n\t\t\t\t<div class=\"elementor-element elementor-element-46d9bde4 elementor-widget-divider--view-line elementor-widget elementor-widget-divider\" data-id=\"46d9bde4\" data-element_type=\"widget\" data-e-type=\"widget\" data-widget_type=\"divider.default\">\n\t\t\t\t<div class=\"elementor-widget-container\">\n\t\t\t\t\t\t\t<div class=\"elementor-divider\">\n\t\t\t<span class=\"elementor-divider-separator\">\n\t\t\t\t\t\t<\/span>\n\t\t<\/div>\n\t\t\t\t\t\t<\/div>\n\t\t\t\t<\/div>\n\t\t\t\t\t<\/div>\n\t\t\t\t<\/div>\n\t\t<div class=\"elementor-element elementor-element-6ae1a647 e-flex e-con-boxed e-con e-parent\" data-id=\"6ae1a647\" data-element_type=\"container\" data-e-type=\"container\">\n\t\t\t\t\t<div class=\"e-con-inner\">\n\t\t\t\t<div class=\"elementor-element elementor-element-7fe4bc8d elementor-widget elementor-widget-text-editor\" data-id=\"7fe4bc8d\" data-element_type=\"widget\" data-e-type=\"widget\" data-widget_type=\"text-editor.default\">\n\t\t\t\t<div class=\"elementor-widget-container\">\n\t\t\t\t\t\t\t\t\t<h3><strong>Caracter\u00edsticas:<\/strong><\/h3><p><span style=\"font-weight: 400;\">Medidas: Standard (pulgadas) y Milim\u00e9tricos.<\/span><\/p><table dir=\"ltr\" border=\"1\" cellspacing=\"0\" cellpadding=\"0\" data-sheets-root=\"1\"><colgroup><col width=\"264\" \/><\/colgroup><tbody><tr><td data-sheets-value=\"{&quot;1&quot;:2,&quot;2&quot;:&quot;MM&quot;}\">MM<\/td><\/tr><tr><td data-sheets-value=\"{&quot;1&quot;:2,&quot;2&quot;:&quot;STD&quot;}\">STD<\/td><\/tr><tr><td data-sheets-value=\"{&quot;1&quot;:2,&quot;2&quot;:&quot;Estuche BACK\/PTFE - 385 Piezas Tefl\u00f3n&quot;}\">Estuche BACK\/PTFE &#8211; 385 Piezas Tefl\u00f3n<\/td><\/tr><\/tbody><\/table>\t\t\t\t\t\t\t\t<\/div>\n\t\t\t\t<\/div>\n\t\t\t\t\t<\/div>\n\t\t\t\t<\/div>\n\t\t<div class=\"elementor-element elementor-element-371544d e-grid e-con-boxed e-con e-parent\" data-id=\"371544d\" data-element_type=\"container\" data-e-type=\"container\" data-settings=\"{&quot;background_background&quot;:&quot;classic&quot;}\">\n\t\t\t\t\t<div class=\"e-con-inner\">\n\t\t\t\t<div class=\"elementor-element elementor-element-6609ab07 elementor-widget elementor-widget-heading\" data-id=\"6609ab07\" data-element_type=\"widget\" data-e-type=\"widget\" data-widget_type=\"heading.default\">\n\t\t\t\t<div class=\"elementor-widget-container\">\n\t\t\t\t\t<h2 class=\"elementor-heading-title elementor-size-default\">El cat\u00e1logo m\u00e1s amplio del sureste.<\/h2>\t\t\t\t<\/div>\n\t\t\t\t<\/div>\n\t\t\t\t<div class=\"elementor-element elementor-element-42a7d8f9 elementor-align-center elementor-widget elementor-widget-button\" data-id=\"42a7d8f9\" data-element_type=\"widget\" data-e-type=\"widget\" data-widget_type=\"button.default\">\n\t\t\t\t<div class=\"elementor-widget-container\">\n\t\t\t\t\t\t\t\t\t<div class=\"elementor-button-wrapper\">\n\t\t\t\t\t<a class=\"elementor-button elementor-button-link elementor-size-sm\" href=\"https:\/\/g3m.mx\/home\/index.php\/catalogo\/\">\n\t\t\t\t\t\t<span class=\"elementor-button-content-wrapper\">\n\t\t\t\t\t\t\t\t\t<span class=\"elementor-button-text\">Ir a Productos<\/span>\n\t\t\t\t\t<\/span>\n\t\t\t\t\t<\/a>\n\t\t\t\t<\/div>\n\t\t\t\t\t\t\t\t<\/div>\n\t\t\t\t<\/div>\n\t\t\t\t\t<\/div>\n\t\t\t\t<\/div>\n\t\t\t\t<\/div>\n\t\t","protected":false},"excerpt":{"rendered":"<p>Backups \/ Respaldos Back Ups: El Soporte Duradero para Tus Sellos y Cojinetes: Nuestros Back Ups son la l\u00ednea de defensa que prolonga la eficiencia y vida \u00fatil de tus equipos. Fabricados con avanzados materiales termopl\u00e1sticos y reforzados internamente, est\u00e1n dise\u00f1ados para soportar y distribuir uniformemente las cargas extremas. Su uso es esencial para prevenir [&hellip;]<\/p>\n","protected":false},"author":1,"featured_media":0,"parent":0,"menu_order":0,"comment_status":"closed","ping_status":"closed","template":"","meta":{"site-sidebar-layout":"no-sidebar","site-content-layout":"","ast-site-content-layout":"full-width-container","site-content-style":"default","site-sidebar-style":"default","ast-global-header-display":"","ast-banner-title-visibility":"","ast-main-header-display":"","ast-hfb-above-header-display":"","ast-hfb-below-header-display":"","ast-hfb-mobile-header-display":"","site-post-title":"disabled","ast-breadcrumbs-content":"","ast-featured-img":"disabled","footer-sml-layout":"","theme-transparent-header-meta":"","adv-header-id-meta":"","stick-header-meta":"","header-above-stick-meta":"","header-main-stick-meta":"","header-below-stick-meta":"","astra-migrate-meta-layouts":"default","ast-page-background-enabled":"default","ast-page-background-meta":{"desktop":{"background-color":"var(--ast-global-color-4)","background-image":"","background-repeat":"repeat","background-position":"center center","background-size":"auto","background-attachment":"scroll","background-type":"","background-media":"","overlay-type":"","overlay-color":"","overlay-opacity":"","overlay-gradient":""},"tablet":{"background-color":"","background-image":"","background-repeat":"repeat","background-position":"center center","background-size":"auto","background-attachment":"scroll","background-type":"","background-media":"","overlay-type":"","overlay-color":"","overlay-opacity":"","overlay-gradient":""},"mobile":{"background-color":"","background-image":"","background-repeat":"repeat","background-position":"center center","background-size":"auto","background-attachment":"scroll","background-type":"","background-media":"","overlay-type":"","overlay-color":"","overlay-opacity":"","overlay-gradient":""}},"ast-content-background-meta":{"desktop":{"background-color":"var(--ast-global-color-5)","background-image":"","background-repeat":"repeat","background-position":"center center","background-size":"auto","background-attachment":"scroll","background-type":"","background-media":"","overlay-type":"","overlay-color":"","overlay-opacity":"","overlay-gradient":""},"tablet":{"background-color":"var(--ast-global-color-5)","background-image":"","background-repeat":"repeat","background-position":"center center","background-size":"auto","background-attachment":"scroll","background-type":"","background-media":"","overlay-type":"","overlay-color":"","overlay-opacity":"","overlay-gradient":""},"mobile":{"background-color":"var(--ast-global-color-5)","background-image":"","background-repeat":"repeat","background-position":"center center","background-size":"auto","background-attachment":"scroll","background-type":"","background-media":"","overlay-type":"","overlay-color":"","overlay-opacity":"","overlay-gradient":""}},"footnotes":""},"class_list":["post-89","page","type-page","status-publish","hentry"],"jetpack_sharing_enabled":true,"_links":{"self":[{"href":"https:\/\/g3m.mx\/home\/index.php\/wp-json\/wp\/v2\/pages\/89","targetHints":{"allow":["GET"]}}],"collection":[{"href":"https:\/\/g3m.mx\/home\/index.php\/wp-json\/wp\/v2\/pages"}],"about":[{"href":"https:\/\/g3m.mx\/home\/index.php\/wp-json\/wp\/v2\/types\/page"}],"author":[{"embeddable":true,"href":"https:\/\/g3m.mx\/home\/index.php\/wp-json\/wp\/v2\/users\/1"}],"replies":[{"embeddable":true,"href":"https:\/\/g3m.mx\/home\/index.php\/wp-json\/wp\/v2\/comments?post=89"}],"version-history":[{"count":7,"href":"https:\/\/g3m.mx\/home\/index.php\/wp-json\/wp\/v2\/pages\/89\/revisions"}],"predecessor-version":[{"id":212,"href":"https:\/\/g3m.mx\/home\/index.php\/wp-json\/wp\/v2\/pages\/89\/revisions\/212"}],"wp:attachment":[{"href":"https:\/\/g3m.mx\/home\/index.php\/wp-json\/wp\/v2\/media?parent=89"}],"curies":[{"name":"wp","href":"https:\/\/api.w.org\/{rel}","templated":true}]}}