{"id":92,"date":"2024-03-21T13:39:42","date_gmt":"2024-03-21T13:39:42","guid":{"rendered":"https:\/\/g3m.mx\/home\/?page_id=92"},"modified":"2024-06-05T07:48:31","modified_gmt":"2024-06-05T07:48:31","slug":"cordones","status":"publish","type":"page","link":"https:\/\/g3m.mx\/home\/index.php\/cordones\/","title":{"rendered":"Cordones"},"content":{"rendered":"\t\t<div data-elementor-type=\"wp-page\" data-elementor-id=\"92\" class=\"elementor elementor-92\">\n\t\t\t\t<div class=\"elementor-element elementor-element-181b979 e-flex e-con-boxed e-con e-parent\" data-id=\"181b979\" data-element_type=\"container\" data-e-type=\"container\">\n\t\t\t\t\t<div class=\"e-con-inner\">\n\t\t\t\t<div class=\"elementor-element elementor-element-043e989 elementor-widget elementor-widget-heading\" data-id=\"043e989\" data-element_type=\"widget\" data-e-type=\"widget\" data-widget_type=\"heading.default\">\n\t\t\t\t<div class=\"elementor-widget-container\">\n\t\t\t\t\t<h1 class=\"elementor-heading-title elementor-size-default\">Cordones<\/h1>\t\t\t\t<\/div>\n\t\t\t\t<\/div>\n\t\t\t\t\t<\/div>\n\t\t\t\t<\/div>\n\t\t<div class=\"elementor-element elementor-element-63f3476 e-grid e-con-boxed e-con e-parent\" data-id=\"63f3476\" data-element_type=\"container\" data-e-type=\"container\">\n\t\t\t\t\t<div class=\"e-con-inner\">\n\t\t\t\t<div class=\"elementor-element elementor-element-24bb428 elementor-widget elementor-widget-image\" data-id=\"24bb428\" data-element_type=\"widget\" data-e-type=\"widget\" data-widget_type=\"image.default\">\n\t\t\t\t<div class=\"elementor-widget-container\">\n\t\t\t\t\t\t\t\t\t\t\t\t\t\t\t<img fetchpriority=\"high\" decoding=\"async\" width=\"1000\" height=\"1000\" src=\"https:\/\/g3m.mx\/home\/wp-content\/uploads\/2024\/03\/1.jpg\" class=\"attachment-large size-large wp-image-159\" alt=\"\" srcset=\"https:\/\/g3m.mx\/home\/wp-content\/uploads\/2024\/03\/1.jpg 1000w, https:\/\/g3m.mx\/home\/wp-content\/uploads\/2024\/03\/1-300x300.jpg 300w, https:\/\/g3m.mx\/home\/wp-content\/uploads\/2024\/03\/1-150x150.jpg 150w, https:\/\/g3m.mx\/home\/wp-content\/uploads\/2024\/03\/1-768x768.jpg 768w\" sizes=\"(max-width: 1000px) 100vw, 1000px\" \/>\t\t\t\t\t\t\t\t\t\t\t\t\t\t\t<\/div>\n\t\t\t\t<\/div>\n\t\t\t\t<div class=\"elementor-element elementor-element-6426b49 elementor-widget elementor-widget-image\" data-id=\"6426b49\" data-element_type=\"widget\" data-e-type=\"widget\" data-widget_type=\"image.default\">\n\t\t\t\t<div class=\"elementor-widget-container\">\n\t\t\t\t\t\t\t\t\t\t\t\t\t\t\t<img decoding=\"async\" width=\"1000\" height=\"1000\" src=\"https:\/\/g3m.mx\/home\/wp-content\/uploads\/2024\/03\/2.jpg\" class=\"attachment-large size-large wp-image-160\" alt=\"\" srcset=\"https:\/\/g3m.mx\/home\/wp-content\/uploads\/2024\/03\/2.jpg 1000w, https:\/\/g3m.mx\/home\/wp-content\/uploads\/2024\/03\/2-300x300.jpg 300w, https:\/\/g3m.mx\/home\/wp-content\/uploads\/2024\/03\/2-150x150.jpg 150w, https:\/\/g3m.mx\/home\/wp-content\/uploads\/2024\/03\/2-768x768.jpg 768w\" sizes=\"(max-width: 1000px) 100vw, 1000px\" \/>\t\t\t\t\t\t\t\t\t\t\t\t\t\t\t<\/div>\n\t\t\t\t<\/div>\n\t\t\t\t<div class=\"elementor-element elementor-element-65feda3 elementor-widget elementor-widget-image\" data-id=\"65feda3\" data-element_type=\"widget\" data-e-type=\"widget\" data-widget_type=\"image.default\">\n\t\t\t\t<div class=\"elementor-widget-container\">\n\t\t\t\t\t\t\t\t\t\t\t\t\t\t\t<img decoding=\"async\" width=\"1000\" height=\"1000\" src=\"https:\/\/g3m.mx\/home\/wp-content\/uploads\/2024\/06\/Vitones-PesadaG3M-1.png\" class=\"attachment-large size-large wp-image-488\" alt=\"\" srcset=\"https:\/\/g3m.mx\/home\/wp-content\/uploads\/2024\/06\/Vitones-PesadaG3M-1.png 1000w, https:\/\/g3m.mx\/home\/wp-content\/uploads\/2024\/06\/Vitones-PesadaG3M-1-300x300.png 300w, https:\/\/g3m.mx\/home\/wp-content\/uploads\/2024\/06\/Vitones-PesadaG3M-1-150x150.png 150w, https:\/\/g3m.mx\/home\/wp-content\/uploads\/2024\/06\/Vitones-PesadaG3M-1-768x768.png 768w\" sizes=\"(max-width: 1000px) 100vw, 1000px\" \/>\t\t\t\t\t\t\t\t\t\t\t\t\t\t\t<\/div>\n\t\t\t\t<\/div>\n\t\t\t\t<div class=\"elementor-element elementor-element-24a396a elementor-widget elementor-widget-image\" data-id=\"24a396a\" data-element_type=\"widget\" data-e-type=\"widget\" data-widget_type=\"image.default\">\n\t\t\t\t<div class=\"elementor-widget-container\">\n\t\t\t\t\t\t\t\t\t\t\t\t\t\t\t<img loading=\"lazy\" decoding=\"async\" width=\"1000\" height=\"1000\" src=\"https:\/\/g3m.mx\/home\/wp-content\/uploads\/2024\/06\/2.png\" class=\"attachment-large size-large wp-image-486\" alt=\"\" srcset=\"https:\/\/g3m.mx\/home\/wp-content\/uploads\/2024\/06\/2.png 1000w, https:\/\/g3m.mx\/home\/wp-content\/uploads\/2024\/06\/2-300x300.png 300w, https:\/\/g3m.mx\/home\/wp-content\/uploads\/2024\/06\/2-150x150.png 150w, https:\/\/g3m.mx\/home\/wp-content\/uploads\/2024\/06\/2-768x768.png 768w\" sizes=\"(max-width: 1000px) 100vw, 1000px\" \/>\t\t\t\t\t\t\t\t\t\t\t\t\t\t\t<\/div>\n\t\t\t\t<\/div>\n\t\t\t\t\t<\/div>\n\t\t\t\t<\/div>\n\t\t<div class=\"elementor-element elementor-element-113a1a2 e-flex e-con-boxed e-con e-parent\" data-id=\"113a1a2\" data-element_type=\"container\" data-e-type=\"container\">\n\t\t\t\t\t<div class=\"e-con-inner\">\n\t\t\t\t<div class=\"elementor-element elementor-element-b85173d elementor-widget elementor-widget-text-editor\" data-id=\"b85173d\" data-element_type=\"widget\" data-e-type=\"widget\" data-widget_type=\"text-editor.default\">\n\t\t\t\t<div class=\"elementor-widget-container\">\n\t\t\t\t\t\t\t\t\t<p>En G3M, somos expertos en proporcionar soluciones de sellado que combinan flexibilidad y durabilidad.<\/p><p><strong>Nuestros cordones, fabricados con la m\u00e1s alta calidad de caucho nitr\u00edlico (NBR) y silicona, est\u00e1n<\/strong> <b>especialmente dise\u00f1ados para resistir las condiciones m\u00e1s exigentes de la industria<\/b>.\u00a0<span style=\"font-style: inherit; font-weight: inherit; font-family: var( --e-global-typography-text-font-family ), Sans-serif; text-align: var(--text-align); background-color: var(--ast-global-color-5);\">Con perfiles disponibles en formas redondas, cuadradas o rectangulares, se adaptan a m\u00faltiples geometr\u00edas de sellado, ofreciendo un cierre herm\u00e9tico que garantiza la integridad y seguridad de tus equipos y maquinaria.<\/span><\/p><p>Adem\u00e1s, la versatilidad de nuestros cordones los hace ideales para una gama de aplicaciones, desde automoci\u00f3n hasta sistemas hidr\u00e1ulicos y neum\u00e1ticos, garantizando siempre un sellado eficaz y confiable. Ya sea que busques minimizar el riesgo de fugas o asegurar un ajuste perfecto, nuestros cordones son la elecci\u00f3n preferida de los profesionales que buscan resultados sin compromisos.\u00a0<\/p><p>En G3M, estamos comprometidos con la excelencia y la innovaci\u00f3n, asegurando que cada producto que sale de nuestras instalaciones contribuya a la eficiencia y productividad de tus operaciones.<\/p>\t\t\t\t\t\t\t\t<\/div>\n\t\t\t\t<\/div>\n\t\t\t\t\t<\/div>\n\t\t\t\t<\/div>\n\t\t<div class=\"elementor-element elementor-element-e9f72de e-flex e-con-boxed e-con e-parent\" data-id=\"e9f72de\" data-element_type=\"container\" data-e-type=\"container\">\n\t\t\t\t\t<div class=\"e-con-inner\">\n\t\t\t\t<div class=\"elementor-element elementor-element-281ca68 elementor-widget-divider--view-line elementor-widget elementor-widget-divider\" data-id=\"281ca68\" data-element_type=\"widget\" data-e-type=\"widget\" data-widget_type=\"divider.default\">\n\t\t\t\t<div class=\"elementor-widget-container\">\n\t\t\t\t\t\t\t<div class=\"elementor-divider\">\n\t\t\t<span class=\"elementor-divider-separator\">\n\t\t\t\t\t\t<\/span>\n\t\t<\/div>\n\t\t\t\t\t\t<\/div>\n\t\t\t\t<\/div>\n\t\t\t\t\t<\/div>\n\t\t\t\t<\/div>\n\t\t<div class=\"elementor-element elementor-element-bca4178 e-flex e-con-boxed e-con e-parent\" data-id=\"bca4178\" data-element_type=\"container\" data-e-type=\"container\">\n\t\t\t\t\t<div class=\"e-con-inner\">\n\t\t\t\t<div class=\"elementor-element elementor-element-804e028 elementor-widget elementor-widget-text-editor\" data-id=\"804e028\" data-element_type=\"widget\" data-e-type=\"widget\" data-widget_type=\"text-editor.default\">\n\t\t\t\t<div class=\"elementor-widget-container\">\n\t\t\t\t\t\t\t\t\t<h3><strong>Conoce la variedad de cordones que manejamos:<\/strong><\/h3><ul><li><b>REDONDO NItrilo 70<\/b><\/li><\/ul><p>Material: Extruido NBR | Dureza:<span style=\"font-weight: 400;\"> 70 | <\/span>Temp:<span style=\"font-weight: 400;\"> &#8216;-30\/100\u00b0C<\/span><\/p><ul><li><b>REDONDO Vit\u00f3n 70<\/b><\/li><\/ul><p>Material: Extruido FKM | Dureza:<span style=\"font-weight: 400;\"> 75 | <\/span>Temp:<span style=\"font-weight: 400;\"> &#8216;-15\/200\u00b0C<\/span><\/p><ul><li><b>REDONDO Silic\u00f3n 70<\/b><\/li><\/ul><p>Material: Extruido Silic\u00f3n | Dureza:<span style=\"font-weight: 400;\"> 70 | <\/span>Temp:<span style=\"font-weight: 400;\"> &#8216;-55\/200\u00b0C<\/span><\/p><ul><li><b>CUADRADO Nitrilo 70<\/b><\/li><\/ul><p>Material: Extruido NBR C | Dureza:<span style=\"font-weight: 400;\"> 70 | <\/span>Color:<span style=\"font-weight: 400;\"> Negro | <\/span>Temp:<span style=\"font-weight: 400;\"> &#8216;-30\/100\u00b0C<\/span><\/p><ul><li><b>REDONDO Silic\u00f3n 70<\/b><\/li><\/ul><p>Material: Extru\u00eddo Silic\u00f3n | Dureza:<span style=\"font-weight: 400;\"> 70 | <\/span>Temp:<span style=\"font-weight: 400;\"> &#8216;-55\/200\u00b0C<\/span><\/p>\t\t\t\t\t\t\t\t<\/div>\n\t\t\t\t<\/div>\n\t\t\t\t\t<\/div>\n\t\t\t\t<\/div>\n\t\t<div class=\"elementor-element elementor-element-d37b157 e-grid e-con-boxed e-con e-parent\" data-id=\"d37b157\" data-element_type=\"container\" data-e-type=\"container\" data-settings=\"{&quot;background_background&quot;:&quot;classic&quot;}\">\n\t\t\t\t\t<div class=\"e-con-inner\">\n\t\t\t\t<div class=\"elementor-element elementor-element-2b443bb elementor-widget elementor-widget-heading\" data-id=\"2b443bb\" data-element_type=\"widget\" data-e-type=\"widget\" data-widget_type=\"heading.default\">\n\t\t\t\t<div class=\"elementor-widget-container\">\n\t\t\t\t\t<h2 class=\"elementor-heading-title elementor-size-default\">El cat\u00e1logo m\u00e1s amplio del sureste.<\/h2>\t\t\t\t<\/div>\n\t\t\t\t<\/div>\n\t\t\t\t<div class=\"elementor-element elementor-element-6f51c47 elementor-align-center elementor-widget elementor-widget-button\" data-id=\"6f51c47\" data-element_type=\"widget\" data-e-type=\"widget\" data-widget_type=\"button.default\">\n\t\t\t\t<div class=\"elementor-widget-container\">\n\t\t\t\t\t\t\t\t\t<div class=\"elementor-button-wrapper\">\n\t\t\t\t\t<a class=\"elementor-button elementor-button-link elementor-size-sm\" href=\"https:\/\/g3m.mx\/home\/index.php\/catalogo\/\">\n\t\t\t\t\t\t<span class=\"elementor-button-content-wrapper\">\n\t\t\t\t\t\t\t\t\t<span class=\"elementor-button-text\">Ir a Productos<\/span>\n\t\t\t\t\t<\/span>\n\t\t\t\t\t<\/a>\n\t\t\t\t<\/div>\n\t\t\t\t\t\t\t\t<\/div>\n\t\t\t\t<\/div>\n\t\t\t\t\t<\/div>\n\t\t\t\t<\/div>\n\t\t\t\t<\/div>\n\t\t","protected":false},"excerpt":{"rendered":"<p>Cordones En G3M, somos expertos en proporcionar soluciones de sellado que combinan flexibilidad y durabilidad. Nuestros cordones, fabricados con la m\u00e1s alta calidad de caucho nitr\u00edlico (NBR) y silicona, est\u00e1n especialmente dise\u00f1ados para resistir las condiciones m\u00e1s exigentes de la industria.\u00a0Con perfiles disponibles en formas redondas, cuadradas o rectangulares, se adaptan a m\u00faltiples geometr\u00edas de [&hellip;]<\/p>\n","protected":false},"author":1,"featured_media":0,"parent":0,"menu_order":0,"comment_status":"closed","ping_status":"closed","template":"","meta":{"site-sidebar-layout":"no-sidebar","site-content-layout":"","ast-site-content-layout":"full-width-container","site-content-style":"default","site-sidebar-style":"default","ast-global-header-display":"","ast-banner-title-visibility":"","ast-main-header-display":"","ast-hfb-above-header-display":"","ast-hfb-below-header-display":"","ast-hfb-mobile-header-display":"","site-post-title":"disabled","ast-breadcrumbs-content":"","ast-featured-img":"disabled","footer-sml-layout":"","theme-transparent-header-meta":"","adv-header-id-meta":"","stick-header-meta":"","header-above-stick-meta":"","header-main-stick-meta":"","header-below-stick-meta":"","astra-migrate-meta-layouts":"default","ast-page-background-enabled":"default","ast-page-background-meta":{"desktop":{"background-color":"var(--ast-global-color-4)","background-image":"","background-repeat":"repeat","background-position":"center center","background-size":"auto","background-attachment":"scroll","background-type":"","background-media":"","overlay-type":"","overlay-color":"","overlay-opacity":"","overlay-gradient":""},"tablet":{"background-color":"","background-image":"","background-repeat":"repeat","background-position":"center center","background-size":"auto","background-attachment":"scroll","background-type":"","background-media":"","overlay-type":"","overlay-color":"","overlay-opacity":"","overlay-gradient":""},"mobile":{"background-color":"","background-image":"","background-repeat":"repeat","background-position":"center center","background-size":"auto","background-attachment":"scroll","background-type":"","background-media":"","overlay-type":"","overlay-color":"","overlay-opacity":"","overlay-gradient":""}},"ast-content-background-meta":{"desktop":{"background-color":"var(--ast-global-color-5)","background-image":"","background-repeat":"repeat","background-position":"center center","background-size":"auto","background-attachment":"scroll","background-type":"","background-media":"","overlay-type":"","overlay-color":"","overlay-opacity":"","overlay-gradient":""},"tablet":{"background-color":"var(--ast-global-color-5)","background-image":"","background-repeat":"repeat","background-position":"center center","background-size":"auto","background-attachment":"scroll","background-type":"","background-media":"","overlay-type":"","overlay-color":"","overlay-opacity":"","overlay-gradient":""},"mobile":{"background-color":"var(--ast-global-color-5)","background-image":"","background-repeat":"repeat","background-position":"center center","background-size":"auto","background-attachment":"scroll","background-type":"","background-media":"","overlay-type":"","overlay-color":"","overlay-opacity":"","overlay-gradient":""}},"footnotes":""},"class_list":["post-92","page","type-page","status-publish","hentry"],"jetpack_sharing_enabled":true,"_links":{"self":[{"href":"https:\/\/g3m.mx\/home\/index.php\/wp-json\/wp\/v2\/pages\/92","targetHints":{"allow":["GET"]}}],"collection":[{"href":"https:\/\/g3m.mx\/home\/index.php\/wp-json\/wp\/v2\/pages"}],"about":[{"href":"https:\/\/g3m.mx\/home\/index.php\/wp-json\/wp\/v2\/types\/page"}],"author":[{"embeddable":true,"href":"https:\/\/g3m.mx\/home\/index.php\/wp-json\/wp\/v2\/users\/1"}],"replies":[{"embeddable":true,"href":"https:\/\/g3m.mx\/home\/index.php\/wp-json\/wp\/v2\/comments?post=92"}],"version-history":[{"count":19,"href":"https:\/\/g3m.mx\/home\/index.php\/wp-json\/wp\/v2\/pages\/92\/revisions"}],"predecessor-version":[{"id":491,"href":"https:\/\/g3m.mx\/home\/index.php\/wp-json\/wp\/v2\/pages\/92\/revisions\/491"}],"wp:attachment":[{"href":"https:\/\/g3m.mx\/home\/index.php\/wp-json\/wp\/v2\/media?parent=92"}],"curies":[{"name":"wp","href":"https:\/\/api.w.org\/{rel}","templated":true}]}}