{"id":94,"date":"2024-03-21T13:40:07","date_gmt":"2024-03-21T13:40:07","guid":{"rendered":"https:\/\/g3m.mx\/home\/?page_id=94"},"modified":"2024-06-05T07:21:51","modified_gmt":"2024-06-05T07:21:51","slug":"orings","status":"publish","type":"page","link":"https:\/\/g3m.mx\/home\/index.php\/orings\/","title":{"rendered":"Orings"},"content":{"rendered":"\t\t<div data-elementor-type=\"wp-page\" data-elementor-id=\"94\" class=\"elementor elementor-94\">\n\t\t\t\t<div class=\"elementor-element elementor-element-3b2f4a63 e-flex e-con-boxed e-con e-parent\" data-id=\"3b2f4a63\" data-element_type=\"container\" data-e-type=\"container\">\n\t\t\t\t\t<div class=\"e-con-inner\">\n\t\t\t\t<div class=\"elementor-element elementor-element-19b2e301 elementor-widget elementor-widget-heading\" data-id=\"19b2e301\" data-element_type=\"widget\" data-e-type=\"widget\" data-widget_type=\"heading.default\">\n\t\t\t\t<div class=\"elementor-widget-container\">\n\t\t\t\t\t<h1 class=\"elementor-heading-title elementor-size-default\">Orings<\/h1>\t\t\t\t<\/div>\n\t\t\t\t<\/div>\n\t\t\t\t\t<\/div>\n\t\t\t\t<\/div>\n\t\t<div class=\"elementor-element elementor-element-1482d2f e-grid e-con-boxed e-con e-parent\" data-id=\"1482d2f\" data-element_type=\"container\" data-e-type=\"container\">\n\t\t\t\t\t<div class=\"e-con-inner\">\n\t\t\t\t<div class=\"elementor-element elementor-element-61e2f9b0 elementor-widget elementor-widget-image\" data-id=\"61e2f9b0\" data-element_type=\"widget\" data-e-type=\"widget\" data-widget_type=\"image.default\">\n\t\t\t\t<div class=\"elementor-widget-container\">\n\t\t\t\t\t\t\t\t\t\t\t\t\t\t\t<img fetchpriority=\"high\" decoding=\"async\" width=\"1000\" height=\"1000\" src=\"https:\/\/g3m.mx\/home\/wp-content\/uploads\/2024\/04\/1-1.jpg\" class=\"attachment-large size-large wp-image-214\" alt=\"\" srcset=\"https:\/\/g3m.mx\/home\/wp-content\/uploads\/2024\/04\/1-1.jpg 1000w, https:\/\/g3m.mx\/home\/wp-content\/uploads\/2024\/04\/1-1-300x300.jpg 300w, https:\/\/g3m.mx\/home\/wp-content\/uploads\/2024\/04\/1-1-150x150.jpg 150w, https:\/\/g3m.mx\/home\/wp-content\/uploads\/2024\/04\/1-1-768x768.jpg 768w\" sizes=\"(max-width: 1000px) 100vw, 1000px\" \/>\t\t\t\t\t\t\t\t\t\t\t\t\t\t\t<\/div>\n\t\t\t\t<\/div>\n\t\t\t\t<div class=\"elementor-element elementor-element-61995388 elementor-widget elementor-widget-image\" data-id=\"61995388\" data-element_type=\"widget\" data-e-type=\"widget\" data-widget_type=\"image.default\">\n\t\t\t\t<div class=\"elementor-widget-container\">\n\t\t\t\t\t\t\t\t\t\t\t\t\t\t\t<img decoding=\"async\" width=\"1000\" height=\"1000\" src=\"https:\/\/g3m.mx\/home\/wp-content\/uploads\/2024\/06\/Vitones-PesadaG3M.png\" class=\"attachment-large size-large wp-image-481\" alt=\"\" srcset=\"https:\/\/g3m.mx\/home\/wp-content\/uploads\/2024\/06\/Vitones-PesadaG3M.png 1000w, https:\/\/g3m.mx\/home\/wp-content\/uploads\/2024\/06\/Vitones-PesadaG3M-300x300.png 300w, https:\/\/g3m.mx\/home\/wp-content\/uploads\/2024\/06\/Vitones-PesadaG3M-150x150.png 150w, https:\/\/g3m.mx\/home\/wp-content\/uploads\/2024\/06\/Vitones-PesadaG3M-768x768.png 768w\" sizes=\"(max-width: 1000px) 100vw, 1000px\" \/>\t\t\t\t\t\t\t\t\t\t\t\t\t\t\t<\/div>\n\t\t\t\t<\/div>\n\t\t\t\t<div class=\"elementor-element elementor-element-39a92490 elementor-widget elementor-widget-image\" data-id=\"39a92490\" data-element_type=\"widget\" data-e-type=\"widget\" data-widget_type=\"image.default\">\n\t\t\t\t<div class=\"elementor-widget-container\">\n\t\t\t\t\t\t\t\t\t\t\t\t\t\t\t<img decoding=\"async\" width=\"1000\" height=\"1000\" src=\"https:\/\/g3m.mx\/home\/wp-content\/uploads\/2024\/04\/4.jpg\" class=\"attachment-large size-large wp-image-217\" alt=\"\" srcset=\"https:\/\/g3m.mx\/home\/wp-content\/uploads\/2024\/04\/4.jpg 1000w, https:\/\/g3m.mx\/home\/wp-content\/uploads\/2024\/04\/4-300x300.jpg 300w, https:\/\/g3m.mx\/home\/wp-content\/uploads\/2024\/04\/4-150x150.jpg 150w, https:\/\/g3m.mx\/home\/wp-content\/uploads\/2024\/04\/4-768x768.jpg 768w\" sizes=\"(max-width: 1000px) 100vw, 1000px\" \/>\t\t\t\t\t\t\t\t\t\t\t\t\t\t\t<\/div>\n\t\t\t\t<\/div>\n\t\t\t\t<div class=\"elementor-element elementor-element-49370094 elementor-widget elementor-widget-image\" data-id=\"49370094\" data-element_type=\"widget\" data-e-type=\"widget\" data-widget_type=\"image.default\">\n\t\t\t\t<div class=\"elementor-widget-container\">\n\t\t\t\t\t\t\t\t\t\t\t\t\t\t\t<img loading=\"lazy\" decoding=\"async\" width=\"1000\" height=\"1000\" src=\"https:\/\/g3m.mx\/home\/wp-content\/uploads\/2024\/04\/3.jpg\" class=\"attachment-large size-large wp-image-216\" alt=\"\" srcset=\"https:\/\/g3m.mx\/home\/wp-content\/uploads\/2024\/04\/3.jpg 1000w, https:\/\/g3m.mx\/home\/wp-content\/uploads\/2024\/04\/3-300x300.jpg 300w, https:\/\/g3m.mx\/home\/wp-content\/uploads\/2024\/04\/3-150x150.jpg 150w, https:\/\/g3m.mx\/home\/wp-content\/uploads\/2024\/04\/3-768x768.jpg 768w\" sizes=\"(max-width: 1000px) 100vw, 1000px\" \/>\t\t\t\t\t\t\t\t\t\t\t\t\t\t\t<\/div>\n\t\t\t\t<\/div>\n\t\t\t\t\t<\/div>\n\t\t\t\t<\/div>\n\t\t<div class=\"elementor-element elementor-element-78161894 e-flex e-con-boxed e-con e-parent\" data-id=\"78161894\" data-element_type=\"container\" data-e-type=\"container\">\n\t\t\t\t\t<div class=\"e-con-inner\">\n\t\t\t\t<div class=\"elementor-element elementor-element-4b40cfd4 elementor-widget elementor-widget-text-editor\" data-id=\"4b40cfd4\" data-element_type=\"widget\" data-e-type=\"widget\" data-widget_type=\"text-editor.default\">\n\t\t\t\t<div class=\"elementor-widget-container\">\n\t\t\t\t\t\t\t\t\t<p>Los O&#8217;Rings de G3M representan <b>la uni\u00f3n perfecta entre flexibilidad y resistencia.<\/b> Creados con materiales de alta calidad como caucho de nitrilo (NBR), vit\u00f3n (FKM) y una gama de otros elast\u00f3meros seleccionados, nuestros orings proporcionan un sello impecable en una amplia variedad de aplicaciones.<\/p><p>Su dise\u00f1o cl\u00e1sico en forma de anillo se ajusta tanto en aplicaciones est\u00e1ticas como din\u00e1micas, lo que los convierte en componentes esenciales para <b>sistemas hidr\u00e1ulicos y neum\u00e1ticos eficientes.<\/b><\/p><p>Nuestros O&#8217;Rings son reconocidos por su resistencia superior ante aceites minerales y grasas, aceites hidr\u00e1ulicos de tipo HL y HLP, as\u00ed como fluidos no inflamables y una variedad de hidrocarburos. Tambi\u00e9n ofrecen excelente compatibilidad con aceites siliconados y diversos entornos acuosos, asegurando un rendimiento constante y confiable bajo una amplia gama de condiciones operativas.\u00a0<\/p><p><b>Con G3M, obtienes sellos que no solo cumplen, sino que superan las expectativas en t\u00e9rminos de durabilidad y fiabilidad.<\/b><\/p>\t\t\t\t\t\t\t\t<\/div>\n\t\t\t\t<\/div>\n\t\t\t\t\t<\/div>\n\t\t\t\t<\/div>\n\t\t<div class=\"elementor-element elementor-element-6412c9c6 e-flex e-con-boxed e-con e-parent\" data-id=\"6412c9c6\" data-element_type=\"container\" data-e-type=\"container\">\n\t\t\t\t\t<div class=\"e-con-inner\">\n\t\t\t\t<div class=\"elementor-element elementor-element-44272e05 elementor-widget-divider--view-line elementor-widget elementor-widget-divider\" data-id=\"44272e05\" data-element_type=\"widget\" data-e-type=\"widget\" data-widget_type=\"divider.default\">\n\t\t\t\t<div class=\"elementor-widget-container\">\n\t\t\t\t\t\t\t<div class=\"elementor-divider\">\n\t\t\t<span class=\"elementor-divider-separator\">\n\t\t\t\t\t\t<\/span>\n\t\t<\/div>\n\t\t\t\t\t\t<\/div>\n\t\t\t\t<\/div>\n\t\t\t\t\t<\/div>\n\t\t\t\t<\/div>\n\t\t<div class=\"elementor-element elementor-element-58f93e4f e-flex e-con-boxed e-con e-parent\" data-id=\"58f93e4f\" data-element_type=\"container\" data-e-type=\"container\">\n\t\t\t\t\t<div class=\"e-con-inner\">\n\t\t\t\t<div class=\"elementor-element elementor-element-293d40ae elementor-widget elementor-widget-text-editor\" data-id=\"293d40ae\" data-element_type=\"widget\" data-e-type=\"widget\" data-widget_type=\"text-editor.default\">\n\t\t\t\t<div class=\"elementor-widget-container\">\n\t\t\t\t\t\t\t\t\t<h3><strong>Conoce la variedad de Orings que manejamos:<\/strong><\/h3>\n<ul>\n<li><b>Nitrilo 70:<\/b><\/li>\n<\/ul>\n<p>Medidas: STD Y MM | Material: NBR | Dureza: 70 | Color: Negro | Temp: &#8216;-30\/100\u00b0C<\/p>\n<ul>\n<li><b>NBR 90:<\/b><\/li>\n<\/ul>\n<p><span style=\"font-weight: 400;\">Medidas: STD | <\/span>Material: NBR | Dureza: 90 | Color: Negro | Temp: &#8216;-30\/100\u00b0C<\/p>\n<ul>\n<li><b>HNBR 70:<\/b><\/li>\n<\/ul>\n<p>Medidas: STD Y MM | Material: HNBR | Dureza: 70 | Color: Verde | Temp: &#8216;-30\/150\u00b0C<\/p>\n<ul>\n<li><b>SIL 70:<\/b><\/li>\n<\/ul>\n<p>Medidas: STD | Material: Silic\u00f3n | Dureza: 70 | Color: Anaranjado | Temp: &#8216;-55\/200\u00b0C<\/p>\n<ul>\n<li><b>Vit\u00f3n &#8211; FKM 75-90:<\/b><\/li>\n<\/ul>\n<p>Medidas: STD Y MM | Material: NBR | Dureza: 75, 80 y 90 | Color: Negro | Temp: &#8216;-30\/100\u00b0C<\/p>\n<ul>\n<li><b>Neopreno &#8211; CR 70<\/b><\/li>\n<\/ul>\n<p><span style=\"font-weight: 400;\">Medidas: STD Y MM | <\/span>Material: Neopreno | Dureza: 70 | Color: Negro | Temp: &#8216;-40\/100\u00b0C<\/p>\n<ul>\n<li><b>Uretano &#8211; PU 70:<\/b><\/li>\n<\/ul>\n<p>Medidas: STD | Material: NBR | Dureza: 80 | Color: Negro | Temp: &#8216;-30\/100\u00b0C<\/p>\n<ul>\n<li><b>Etileno Propileno &#8211; EPDM 70:<\/b><\/li>\n<\/ul>\n<p><span style=\"font-weight: 400;\">Medidas: STD | <\/span><span style=\"font-weight: 400;\">Material: <\/span>EPDM | Dureza: 70 | Color: Negro | Temp: &#8216;-50\/150\u00b0C<\/p>\t\t\t\t\t\t\t\t<\/div>\n\t\t\t\t<\/div>\n\t\t\t\t\t<\/div>\n\t\t\t\t<\/div>\n\t\t<div class=\"elementor-element elementor-element-44d56f28 e-grid e-con-boxed e-con e-parent\" data-id=\"44d56f28\" data-element_type=\"container\" data-e-type=\"container\" data-settings=\"{&quot;background_background&quot;:&quot;classic&quot;}\">\n\t\t\t\t\t<div class=\"e-con-inner\">\n\t\t\t\t<div class=\"elementor-element elementor-element-7a09e16d elementor-widget elementor-widget-heading\" data-id=\"7a09e16d\" data-element_type=\"widget\" data-e-type=\"widget\" data-widget_type=\"heading.default\">\n\t\t\t\t<div class=\"elementor-widget-container\">\n\t\t\t\t\t<h2 class=\"elementor-heading-title elementor-size-default\">El cat\u00e1logo m\u00e1s amplio del sureste.<\/h2>\t\t\t\t<\/div>\n\t\t\t\t<\/div>\n\t\t\t\t<div class=\"elementor-element elementor-element-dbc0b9b elementor-align-center elementor-widget elementor-widget-button\" data-id=\"dbc0b9b\" data-element_type=\"widget\" data-e-type=\"widget\" data-widget_type=\"button.default\">\n\t\t\t\t<div class=\"elementor-widget-container\">\n\t\t\t\t\t\t\t\t\t<div class=\"elementor-button-wrapper\">\n\t\t\t\t\t<a class=\"elementor-button elementor-button-link elementor-size-sm\" href=\"https:\/\/g3m.mx\/home\/index.php\/catalogo\/\">\n\t\t\t\t\t\t<span class=\"elementor-button-content-wrapper\">\n\t\t\t\t\t\t\t\t\t<span class=\"elementor-button-text\">Ir a Productos<\/span>\n\t\t\t\t\t<\/span>\n\t\t\t\t\t<\/a>\n\t\t\t\t<\/div>\n\t\t\t\t\t\t\t\t<\/div>\n\t\t\t\t<\/div>\n\t\t\t\t\t<\/div>\n\t\t\t\t<\/div>\n\t\t\t\t<\/div>\n\t\t","protected":false},"excerpt":{"rendered":"<p>Orings Los O&#8217;Rings de G3M representan la uni\u00f3n perfecta entre flexibilidad y resistencia. Creados con materiales de alta calidad como caucho de nitrilo (NBR), vit\u00f3n (FKM) y una gama de otros elast\u00f3meros seleccionados, nuestros orings proporcionan un sello impecable en una amplia variedad de aplicaciones. Su dise\u00f1o cl\u00e1sico en forma de anillo se ajusta tanto [&hellip;]<\/p>\n","protected":false},"author":1,"featured_media":0,"parent":0,"menu_order":0,"comment_status":"closed","ping_status":"closed","template":"","meta":{"site-sidebar-layout":"no-sidebar","site-content-layout":"","ast-site-content-layout":"full-width-container","site-content-style":"default","site-sidebar-style":"default","ast-global-header-display":"","ast-banner-title-visibility":"","ast-main-header-display":"","ast-hfb-above-header-display":"","ast-hfb-below-header-display":"","ast-hfb-mobile-header-display":"","site-post-title":"disabled","ast-breadcrumbs-content":"","ast-featured-img":"disabled","footer-sml-layout":"","theme-transparent-header-meta":"","adv-header-id-meta":"","stick-header-meta":"","header-above-stick-meta":"","header-main-stick-meta":"","header-below-stick-meta":"","astra-migrate-meta-layouts":"default","ast-page-background-enabled":"default","ast-page-background-meta":{"desktop":{"background-color":"var(--ast-global-color-4)","background-image":"","background-repeat":"repeat","background-position":"center center","background-size":"auto","background-attachment":"scroll","background-type":"","background-media":"","overlay-type":"","overlay-color":"","overlay-opacity":"","overlay-gradient":""},"tablet":{"background-color":"","background-image":"","background-repeat":"repeat","background-position":"center center","background-size":"auto","background-attachment":"scroll","background-type":"","background-media":"","overlay-type":"","overlay-color":"","overlay-opacity":"","overlay-gradient":""},"mobile":{"background-color":"","background-image":"","background-repeat":"repeat","background-position":"center center","background-size":"auto","background-attachment":"scroll","background-type":"","background-media":"","overlay-type":"","overlay-color":"","overlay-opacity":"","overlay-gradient":""}},"ast-content-background-meta":{"desktop":{"background-color":"var(--ast-global-color-5)","background-image":"","background-repeat":"repeat","background-position":"center center","background-size":"auto","background-attachment":"scroll","background-type":"","background-media":"","overlay-type":"","overlay-color":"","overlay-opacity":"","overlay-gradient":""},"tablet":{"background-color":"var(--ast-global-color-5)","background-image":"","background-repeat":"repeat","background-position":"center center","background-size":"auto","background-attachment":"scroll","background-type":"","background-media":"","overlay-type":"","overlay-color":"","overlay-opacity":"","overlay-gradient":""},"mobile":{"background-color":"var(--ast-global-color-5)","background-image":"","background-repeat":"repeat","background-position":"center center","background-size":"auto","background-attachment":"scroll","background-type":"","background-media":"","overlay-type":"","overlay-color":"","overlay-opacity":"","overlay-gradient":""}},"footnotes":""},"class_list":["post-94","page","type-page","status-publish","hentry"],"jetpack_sharing_enabled":true,"_links":{"self":[{"href":"https:\/\/g3m.mx\/home\/index.php\/wp-json\/wp\/v2\/pages\/94","targetHints":{"allow":["GET"]}}],"collection":[{"href":"https:\/\/g3m.mx\/home\/index.php\/wp-json\/wp\/v2\/pages"}],"about":[{"href":"https:\/\/g3m.mx\/home\/index.php\/wp-json\/wp\/v2\/types\/page"}],"author":[{"embeddable":true,"href":"https:\/\/g3m.mx\/home\/index.php\/wp-json\/wp\/v2\/users\/1"}],"replies":[{"embeddable":true,"href":"https:\/\/g3m.mx\/home\/index.php\/wp-json\/wp\/v2\/comments?post=94"}],"version-history":[{"count":10,"href":"https:\/\/g3m.mx\/home\/index.php\/wp-json\/wp\/v2\/pages\/94\/revisions"}],"predecessor-version":[{"id":484,"href":"https:\/\/g3m.mx\/home\/index.php\/wp-json\/wp\/v2\/pages\/94\/revisions\/484"}],"wp:attachment":[{"href":"https:\/\/g3m.mx\/home\/index.php\/wp-json\/wp\/v2\/media?parent=94"}],"curies":[{"name":"wp","href":"https:\/\/api.w.org\/{rel}","templated":true}]}}