{"id":98,"date":"2024-03-21T13:42:51","date_gmt":"2024-03-21T13:42:51","guid":{"rendered":"https:\/\/g3m.mx\/home\/?page_id=98"},"modified":"2024-04-09T18:11:20","modified_gmt":"2024-04-09T18:11:20","slug":"estuches-de-sellos","status":"publish","type":"page","link":"https:\/\/g3m.mx\/home\/index.php\/estuches-de-sellos\/","title":{"rendered":"Estuches de sellos"},"content":{"rendered":"\t\t<div data-elementor-type=\"wp-page\" data-elementor-id=\"98\" class=\"elementor elementor-98\">\n\t\t\t\t<div class=\"elementor-element elementor-element-7659f32b e-flex e-con-boxed e-con e-parent\" data-id=\"7659f32b\" data-element_type=\"container\" data-e-type=\"container\">\n\t\t\t\t\t<div class=\"e-con-inner\">\n\t\t\t\t<div class=\"elementor-element elementor-element-260d2892 elementor-widget elementor-widget-heading\" data-id=\"260d2892\" data-element_type=\"widget\" data-e-type=\"widget\" data-widget_type=\"heading.default\">\n\t\t\t\t<div class=\"elementor-widget-container\">\n\t\t\t\t\t<h1 class=\"elementor-heading-title elementor-size-default\">Estuche de Orings<\/h1>\t\t\t\t<\/div>\n\t\t\t\t<\/div>\n\t\t\t\t\t<\/div>\n\t\t\t\t<\/div>\n\t\t<div class=\"elementor-element elementor-element-3e5c19dc e-grid e-con-boxed e-con e-parent\" data-id=\"3e5c19dc\" data-element_type=\"container\" data-e-type=\"container\">\n\t\t\t\t\t<div class=\"e-con-inner\">\n\t\t\t\t<div class=\"elementor-element elementor-element-777c54b6 elementor-widget elementor-widget-image\" data-id=\"777c54b6\" data-element_type=\"widget\" data-e-type=\"widget\" data-widget_type=\"image.default\">\n\t\t\t\t<div class=\"elementor-widget-container\">\n\t\t\t\t\t\t\t\t\t\t\t\t\t\t\t<img fetchpriority=\"high\" decoding=\"async\" width=\"1000\" height=\"1000\" src=\"https:\/\/g3m.mx\/home\/wp-content\/uploads\/2024\/04\/1-3.jpg\" class=\"attachment-large size-large wp-image-232\" alt=\"\" srcset=\"https:\/\/g3m.mx\/home\/wp-content\/uploads\/2024\/04\/1-3.jpg 1000w, https:\/\/g3m.mx\/home\/wp-content\/uploads\/2024\/04\/1-3-300x300.jpg 300w, https:\/\/g3m.mx\/home\/wp-content\/uploads\/2024\/04\/1-3-150x150.jpg 150w, https:\/\/g3m.mx\/home\/wp-content\/uploads\/2024\/04\/1-3-768x768.jpg 768w\" sizes=\"(max-width: 1000px) 100vw, 1000px\" \/>\t\t\t\t\t\t\t\t\t\t\t\t\t\t\t<\/div>\n\t\t\t\t<\/div>\n\t\t\t\t<div class=\"elementor-element elementor-element-1743cc7f elementor-widget elementor-widget-image\" data-id=\"1743cc7f\" data-element_type=\"widget\" data-e-type=\"widget\" data-widget_type=\"image.default\">\n\t\t\t\t<div class=\"elementor-widget-container\">\n\t\t\t\t\t\t\t\t\t\t\t\t\t\t\t<img decoding=\"async\" width=\"1000\" height=\"1000\" src=\"https:\/\/g3m.mx\/home\/wp-content\/uploads\/2024\/04\/2-3.jpg\" class=\"attachment-large size-large wp-image-233\" alt=\"\" srcset=\"https:\/\/g3m.mx\/home\/wp-content\/uploads\/2024\/04\/2-3.jpg 1000w, https:\/\/g3m.mx\/home\/wp-content\/uploads\/2024\/04\/2-3-300x300.jpg 300w, https:\/\/g3m.mx\/home\/wp-content\/uploads\/2024\/04\/2-3-150x150.jpg 150w, https:\/\/g3m.mx\/home\/wp-content\/uploads\/2024\/04\/2-3-768x768.jpg 768w\" sizes=\"(max-width: 1000px) 100vw, 1000px\" \/>\t\t\t\t\t\t\t\t\t\t\t\t\t\t\t<\/div>\n\t\t\t\t<\/div>\n\t\t\t\t<div class=\"elementor-element elementor-element-66638ce0 elementor-widget elementor-widget-image\" data-id=\"66638ce0\" data-element_type=\"widget\" data-e-type=\"widget\" data-widget_type=\"image.default\">\n\t\t\t\t<div class=\"elementor-widget-container\">\n\t\t\t\t\t\t\t\t\t\t\t\t\t\t\t<img decoding=\"async\" width=\"1000\" height=\"1000\" src=\"https:\/\/g3m.mx\/home\/wp-content\/uploads\/2024\/04\/3-1.jpg\" class=\"attachment-large size-large wp-image-234\" alt=\"\" srcset=\"https:\/\/g3m.mx\/home\/wp-content\/uploads\/2024\/04\/3-1.jpg 1000w, https:\/\/g3m.mx\/home\/wp-content\/uploads\/2024\/04\/3-1-300x300.jpg 300w, https:\/\/g3m.mx\/home\/wp-content\/uploads\/2024\/04\/3-1-150x150.jpg 150w, https:\/\/g3m.mx\/home\/wp-content\/uploads\/2024\/04\/3-1-768x768.jpg 768w\" sizes=\"(max-width: 1000px) 100vw, 1000px\" \/>\t\t\t\t\t\t\t\t\t\t\t\t\t\t\t<\/div>\n\t\t\t\t<\/div>\n\t\t\t\t<div class=\"elementor-element elementor-element-2500aa26 elementor-widget elementor-widget-image\" data-id=\"2500aa26\" data-element_type=\"widget\" data-e-type=\"widget\" data-widget_type=\"image.default\">\n\t\t\t\t<div class=\"elementor-widget-container\">\n\t\t\t\t\t\t\t\t\t\t\t\t\t\t\t<img loading=\"lazy\" decoding=\"async\" width=\"1000\" height=\"1000\" src=\"https:\/\/g3m.mx\/home\/wp-content\/uploads\/2024\/04\/4-1.jpg\" class=\"attachment-large size-large wp-image-235\" alt=\"\" srcset=\"https:\/\/g3m.mx\/home\/wp-content\/uploads\/2024\/04\/4-1.jpg 1000w, https:\/\/g3m.mx\/home\/wp-content\/uploads\/2024\/04\/4-1-300x300.jpg 300w, https:\/\/g3m.mx\/home\/wp-content\/uploads\/2024\/04\/4-1-150x150.jpg 150w, https:\/\/g3m.mx\/home\/wp-content\/uploads\/2024\/04\/4-1-768x768.jpg 768w\" sizes=\"(max-width: 1000px) 100vw, 1000px\" \/>\t\t\t\t\t\t\t\t\t\t\t\t\t\t\t<\/div>\n\t\t\t\t<\/div>\n\t\t\t\t\t<\/div>\n\t\t\t\t<\/div>\n\t\t<div class=\"elementor-element elementor-element-122dd33 e-flex e-con-boxed e-con e-parent\" data-id=\"122dd33\" data-element_type=\"container\" data-e-type=\"container\">\n\t\t\t\t\t<div class=\"e-con-inner\">\n\t\t\t\t<div class=\"elementor-element elementor-element-1a2be6f9 elementor-widget elementor-widget-text-editor\" data-id=\"1a2be6f9\" data-element_type=\"widget\" data-e-type=\"widget\" data-widget_type=\"text-editor.default\">\n\t\t\t\t<div class=\"elementor-widget-container\">\n\t\t\t\t\t\t\t\t\t<p>En G3M, comprendemos la importancia de mantener tus sellos y empaques en perfecto estado. Por ello, ofrecemos estuches de sellos dise\u00f1ados para proporcionar la m\u00e1xima <strong>protecci\u00f3n y organizaci\u00f3n.<\/strong><\/p><p>Fabricados con materiales pl\u00e1sticos de <strong>alta resistencia y durabilidad,<\/strong> nuestros estuches aseguran que tus componentes de sellado est\u00e9n siempre protegidos del polvo, la humedad y otros elementos nocivos.<\/p><p>El dise\u00f1o interno de cada estuche est\u00e1 pensado para maximizar la eficiencia, permitiendo clasificar y almacenar sellos de diferentes tipos y tama\u00f1os de manera ordenada. Esto facilita el acceso r\u00e1pido y la gesti\u00f3n eficiente, optimizando tus procesos de mantenimiento y reduciendo el tiempo de inactividad. Con los estuches de sellos de G3M, cada sello tiene su lugar, garantizando que est\u00e9n <strong>listos y en condiciones \u00f3ptimas cuando m\u00e1s los necesites.<\/strong><\/p>\t\t\t\t\t\t\t\t<\/div>\n\t\t\t\t<\/div>\n\t\t\t\t\t<\/div>\n\t\t\t\t<\/div>\n\t\t<div class=\"elementor-element elementor-element-7ef5a73f e-flex e-con-boxed e-con e-parent\" data-id=\"7ef5a73f\" data-element_type=\"container\" data-e-type=\"container\">\n\t\t\t\t\t<div class=\"e-con-inner\">\n\t\t\t\t<div class=\"elementor-element elementor-element-2072940c elementor-widget-divider--view-line elementor-widget elementor-widget-divider\" data-id=\"2072940c\" data-element_type=\"widget\" data-e-type=\"widget\" data-widget_type=\"divider.default\">\n\t\t\t\t<div class=\"elementor-widget-container\">\n\t\t\t\t\t\t\t<div class=\"elementor-divider\">\n\t\t\t<span class=\"elementor-divider-separator\">\n\t\t\t\t\t\t<\/span>\n\t\t<\/div>\n\t\t\t\t\t\t<\/div>\n\t\t\t\t<\/div>\n\t\t\t\t\t<\/div>\n\t\t\t\t<\/div>\n\t\t<div class=\"elementor-element elementor-element-75f75581 e-flex e-con-boxed e-con e-parent\" data-id=\"75f75581\" data-element_type=\"container\" data-e-type=\"container\">\n\t\t\t\t\t<div class=\"e-con-inner\">\n\t\t\t\t<div class=\"elementor-element elementor-element-277ca9e4 elementor-widget elementor-widget-text-editor\" data-id=\"277ca9e4\" data-element_type=\"widget\" data-e-type=\"widget\" data-widget_type=\"text-editor.default\">\n\t\t\t\t<div class=\"elementor-widget-container\">\n\t\t\t\t\t\t\t\t\t<h3><strong>Conoce la variedad de Orings que manejamos:<\/strong><\/h3>\n<ul>\n<li><b>Estuche MM V80 &#8211; Vit\u00f3n 80:<\/b><\/li>\n<\/ul>\n<p><span style=\"font-weight: 400;\">Medidas: MM | <\/span><span style=\"font-weight: 400;\">Material: Vit\u00f3n | <\/span><span style=\"font-weight: 400;\">Dureza: 80 | <\/span><span style=\"font-weight: 400;\">Piezas: 377 unidades<\/span><\/p>\n<ul>\n<li><b>Estuche MM NBR &#8211; Nitrilo 70:<\/b><\/li>\n<\/ul>\n<p><span style=\"font-weight: 400;\">Medidas: MM | <\/span><span style=\"font-weight: 400;\">Material: Nitrilo | <\/span><span style=\"font-weight: 400;\">Dureza: 70 | <\/span><span style=\"font-weight: 400;\">Piezas: 385 unidades<\/span><\/p>\n<ul>\n<li><b>Estuche STD NBR &#8211; Nitrilo 70:<\/b><\/li>\n<\/ul>\n<p><span style=\"font-weight: 400;\">Medidas: STD | <\/span><span style=\"font-weight: 400;\">Material: Nitrilo | <\/span><span style=\"font-weight: 400;\">Dureza: 70 | <\/span><span style=\"font-weight: 400;\">Piezas: 386 unidades<\/span><\/p>\n<ul>\n<li><b>Estuche STD S70 &#8211; Silic\u00f3n 70:<\/b><\/li>\n<\/ul>\n<p><span style=\"font-weight: 400;\">Medidas: STD| <\/span><span style=\"font-weight: 400;\">Material: Silic\u00f3n | <\/span><span style=\"font-weight: 400;\">Dureza: 70 | <\/span><span style=\"font-weight: 400;\">Piezas: 382 unidades<\/span><\/p>\n<ul>\n<li><b>Estuche STD V75 &#8211; Vit\u00f3n 75:<\/b><\/li>\n<\/ul>\n<p><span style=\"font-weight: 400;\">Medidas: MM | <\/span><span style=\"font-weight: 400;\">Material: Vit\u00f3n | <\/span><span style=\"font-weight: 400;\">Dureza: 75 | <\/span><span style=\"font-weight: 400;\">Piezas: 377 unidades<\/span><\/p>\t\t\t\t\t\t\t\t<\/div>\n\t\t\t\t<\/div>\n\t\t\t\t\t<\/div>\n\t\t\t\t<\/div>\n\t\t<div class=\"elementor-element elementor-element-7581ff93 e-grid e-con-boxed e-con e-parent\" data-id=\"7581ff93\" data-element_type=\"container\" data-e-type=\"container\" data-settings=\"{&quot;background_background&quot;:&quot;classic&quot;}\">\n\t\t\t\t\t<div class=\"e-con-inner\">\n\t\t\t\t<div class=\"elementor-element elementor-element-63cc7342 elementor-widget elementor-widget-heading\" data-id=\"63cc7342\" data-element_type=\"widget\" data-e-type=\"widget\" data-widget_type=\"heading.default\">\n\t\t\t\t<div class=\"elementor-widget-container\">\n\t\t\t\t\t<h2 class=\"elementor-heading-title elementor-size-default\">El cat\u00e1logo m\u00e1s amplio del sureste.<\/h2>\t\t\t\t<\/div>\n\t\t\t\t<\/div>\n\t\t\t\t<div class=\"elementor-element elementor-element-4ebced08 elementor-align-center elementor-widget elementor-widget-button\" data-id=\"4ebced08\" data-element_type=\"widget\" data-e-type=\"widget\" data-widget_type=\"button.default\">\n\t\t\t\t<div class=\"elementor-widget-container\">\n\t\t\t\t\t\t\t\t\t<div class=\"elementor-button-wrapper\">\n\t\t\t\t\t<a class=\"elementor-button elementor-button-link elementor-size-sm\" href=\"https:\/\/g3m.mx\/home\/index.php\/catalogo\/\">\n\t\t\t\t\t\t<span class=\"elementor-button-content-wrapper\">\n\t\t\t\t\t\t\t\t\t<span class=\"elementor-button-text\">Ir a Productos<\/span>\n\t\t\t\t\t<\/span>\n\t\t\t\t\t<\/a>\n\t\t\t\t<\/div>\n\t\t\t\t\t\t\t\t<\/div>\n\t\t\t\t<\/div>\n\t\t\t\t\t<\/div>\n\t\t\t\t<\/div>\n\t\t\t\t<\/div>\n\t\t","protected":false},"excerpt":{"rendered":"<p>Estuche de Orings En G3M, comprendemos la importancia de mantener tus sellos y empaques en perfecto estado. Por ello, ofrecemos estuches de sellos dise\u00f1ados para proporcionar la m\u00e1xima protecci\u00f3n y organizaci\u00f3n. Fabricados con materiales pl\u00e1sticos de alta resistencia y durabilidad, nuestros estuches aseguran que tus componentes de sellado est\u00e9n siempre protegidos del polvo, la humedad [&hellip;]<\/p>\n","protected":false},"author":1,"featured_media":0,"parent":0,"menu_order":0,"comment_status":"closed","ping_status":"closed","template":"","meta":{"site-sidebar-layout":"no-sidebar","site-content-layout":"","ast-site-content-layout":"full-width-container","site-content-style":"default","site-sidebar-style":"default","ast-global-header-display":"","ast-banner-title-visibility":"","ast-main-header-display":"","ast-hfb-above-header-display":"","ast-hfb-below-header-display":"","ast-hfb-mobile-header-display":"","site-post-title":"disabled","ast-breadcrumbs-content":"","ast-featured-img":"disabled","footer-sml-layout":"","theme-transparent-header-meta":"","adv-header-id-meta":"","stick-header-meta":"","header-above-stick-meta":"","header-main-stick-meta":"","header-below-stick-meta":"","astra-migrate-meta-layouts":"default","ast-page-background-enabled":"default","ast-page-background-meta":{"desktop":{"background-color":"var(--ast-global-color-4)","background-image":"","background-repeat":"repeat","background-position":"center center","background-size":"auto","background-attachment":"scroll","background-type":"","background-media":"","overlay-type":"","overlay-color":"","overlay-opacity":"","overlay-gradient":""},"tablet":{"background-color":"","background-image":"","background-repeat":"repeat","background-position":"center center","background-size":"auto","background-attachment":"scroll","background-type":"","background-media":"","overlay-type":"","overlay-color":"","overlay-opacity":"","overlay-gradient":""},"mobile":{"background-color":"","background-image":"","background-repeat":"repeat","background-position":"center center","background-size":"auto","background-attachment":"scroll","background-type":"","background-media":"","overlay-type":"","overlay-color":"","overlay-opacity":"","overlay-gradient":""}},"ast-content-background-meta":{"desktop":{"background-color":"var(--ast-global-color-5)","background-image":"","background-repeat":"repeat","background-position":"center center","background-size":"auto","background-attachment":"scroll","background-type":"","background-media":"","overlay-type":"","overlay-color":"","overlay-opacity":"","overlay-gradient":""},"tablet":{"background-color":"var(--ast-global-color-5)","background-image":"","background-repeat":"repeat","background-position":"center center","background-size":"auto","background-attachment":"scroll","background-type":"","background-media":"","overlay-type":"","overlay-color":"","overlay-opacity":"","overlay-gradient":""},"mobile":{"background-color":"var(--ast-global-color-5)","background-image":"","background-repeat":"repeat","background-position":"center center","background-size":"auto","background-attachment":"scroll","background-type":"","background-media":"","overlay-type":"","overlay-color":"","overlay-opacity":"","overlay-gradient":""}},"footnotes":""},"class_list":["post-98","page","type-page","status-publish","hentry"],"jetpack_sharing_enabled":true,"_links":{"self":[{"href":"https:\/\/g3m.mx\/home\/index.php\/wp-json\/wp\/v2\/pages\/98","targetHints":{"allow":["GET"]}}],"collection":[{"href":"https:\/\/g3m.mx\/home\/index.php\/wp-json\/wp\/v2\/pages"}],"about":[{"href":"https:\/\/g3m.mx\/home\/index.php\/wp-json\/wp\/v2\/types\/page"}],"author":[{"embeddable":true,"href":"https:\/\/g3m.mx\/home\/index.php\/wp-json\/wp\/v2\/users\/1"}],"replies":[{"embeddable":true,"href":"https:\/\/g3m.mx\/home\/index.php\/wp-json\/wp\/v2\/comments?post=98"}],"version-history":[{"count":4,"href":"https:\/\/g3m.mx\/home\/index.php\/wp-json\/wp\/v2\/pages\/98\/revisions"}],"predecessor-version":[{"id":238,"href":"https:\/\/g3m.mx\/home\/index.php\/wp-json\/wp\/v2\/pages\/98\/revisions\/238"}],"wp:attachment":[{"href":"https:\/\/g3m.mx\/home\/index.php\/wp-json\/wp\/v2\/media?parent=98"}],"curies":[{"name":"wp","href":"https:\/\/api.w.org\/{rel}","templated":true}]}}